{"id":8381,"date":"2024-08-14T20:16:53","date_gmt":"2024-08-14T18:16:53","guid":{"rendered":"https:\/\/swiety-jozef.pl\/?page_id=8381"},"modified":"2024-08-14T21:39:35","modified_gmt":"2024-08-14T19:39:35","slug":"ochrona-maloletnich","status":"publish","type":"page","link":"https:\/\/swiety-jozef.pl\/index.php\/ochrona-maloletnich\/","title":{"rendered":"Ochrona Ma\u0142oletnich\u00a0"},"content":{"rendered":"\n<!--more-->\n\n\n\n<p>Informujemy, \u017ce w naszej parafii w dniu 15.08.2024r zosta\u0142 wprowadzony dokument \u201eStandardy Ochrony Ma\u0142oletnich\u201d, w kt\u00f3rym zawarta jest polityka ochrony ma\u0142oletnich, jak i os\u00f3b doros\u0142ych przebywaj\u0105cych na terenie parafii. Z dokumentem mo\u017cna zapozna\u0107 si\u0119 na stronie internetowej parafii, jak i w wersji drukowanej wy\u0142o\u017cony b\u0119dzie do wgl\u0105du w zakrystii. W zwi\u0105zku z wej\u015bciem w \u017cycie Standard\u00f3w w parafii powo\u0142any zosta\u0142 Zesp\u00f3\u0142 do spraw Prewencji, w jego sk\u0142ad\u00a0wchodz\u0105 mi\u0119dzy innymi osoby zaufane, do kt\u00f3rych mo\u017cna zg\u0142asza\u0107 naruszenie standard\u00f3w w parafii lub zaistnienie incydent\u00f3w przemocy.<\/p>\n\n\n\n<p><strong>Zesp\u00f3\u0142 do spraw Prewencji:<\/strong><\/p>\n\n\n\n<ol class=\"wp-block-list\">\n<li>Proboszcz ks .Krzysztof Kocz<\/li>\n\n\n\n<li>Krystian Serafi\u0144ski<\/li>\n\n\n\n<li>Agnieszka Juchniewicz<\/li>\n\n\n\n<li>Hubert Gajewski<\/li>\n\n\n\n<li>Justyna Serafi\u0144ska<\/li>\n\n\n\n<li>Ewa Kawalec<\/li>\n\n\n\n<li>Halina Wr\u00f3bel<\/li>\n<\/ol>\n\n\n\n<p><strong>Osobami zaufanymi s\u0105:<\/strong><\/p>\n\n\n\n<p>Pani Agnieszka Juchniewicz tel. 500 146 164<\/p>\n\n\n\n<div style=\"height:25px\" aria-hidden=\"true\" class=\"wp-block-spacer\"><\/div>\n\n\n\n<div class=\"wp-block-file\"><a id=\"wp-block-file--media-decc3f0e-2ad8-4063-8fab-5ee517c3657b\" href=\"https:\/\/swiety-jozef.pl\/wp-content\/uploads\/2024\/08\/Standardy-Parafie-NS-1.pdf\" target=\"_blank\" rel=\"noreferrer noopener\"><strong>Standardy Ochrony Ma\u0142oletnich w parafii \u015bw. J\u00f3zefa Rzemie\u015blnika &#8211; Kliknij by otworzy\u0107 lub <\/strong><\/a><a href=\"https:\/\/swiety-jozef.pl\/wp-content\/uploads\/2024\/08\/Standardy-Parafie-NS-1.pdf\" class=\"wp-block-file__button wp-element-button\" download aria-describedby=\"wp-block-file--media-decc3f0e-2ad8-4063-8fab-5ee517c3657b\">Pobierz<\/a><\/div>\n\n\n\n<div style=\"height:40px\" aria-hidden=\"true\" class=\"wp-block-spacer\"><\/div>\n\n\n\n<figure class=\"wp-block-image size-full\"><img fetchpriority=\"high\" decoding=\"async\" width=\"1024\" height=\"725\" src=\"https:\/\/swiety-jozef.pl\/wp-content\/uploads\/2024\/08\/Standardy-Ochrony-Dzieci-1-1024x725-1.jpg\" alt=\"\" class=\"wp-image-8382\" srcset=\"https:\/\/swiety-jozef.pl\/wp-content\/uploads\/2024\/08\/Standardy-Ochrony-Dzieci-1-1024x725-1.jpg 1024w, https:\/\/swiety-jozef.pl\/wp-content\/uploads\/2024\/08\/Standardy-Ochrony-Dzieci-1-1024x725-1-300x212.jpg 300w, https:\/\/swiety-jozef.pl\/wp-content\/uploads\/2024\/08\/Standardy-Ochrony-Dzieci-1-1024x725-1-768x544.jpg 768w, https:\/\/swiety-jozef.pl\/wp-content\/uploads\/2024\/08\/Standardy-Ochrony-Dzieci-1-1024x725-1-585x414.jpg 585w\" sizes=\"(max-width: 1024px) 100vw, 1024px\" \/><\/figure>\n\n\n\n<div style=\"height:25px\" aria-hidden=\"true\" class=\"wp-block-spacer\"><\/div>\n\n\n\n<figure class=\"wp-block-image size-large is-resized\"><img decoding=\"async\" width=\"724\" height=\"1024\" src=\"https:\/\/swiety-jozef.pl\/wp-content\/uploads\/2024\/08\/Standardy-Ochrony-Dzieci_skrot-1-768x1086-1-724x1024.jpg\" alt=\"\" class=\"wp-image-8383\" style=\"width:780px;height:auto\" srcset=\"https:\/\/swiety-jozef.pl\/wp-content\/uploads\/2024\/08\/Standardy-Ochrony-Dzieci_skrot-1-768x1086-1-724x1024.jpg 724w, https:\/\/swiety-jozef.pl\/wp-content\/uploads\/2024\/08\/Standardy-Ochrony-Dzieci_skrot-1-768x1086-1-212x300.jpg 212w, https:\/\/swiety-jozef.pl\/wp-content\/uploads\/2024\/08\/Standardy-Ochrony-Dzieci_skrot-1-768x1086-1-585x827.jpg 585w, https:\/\/swiety-jozef.pl\/wp-content\/uploads\/2024\/08\/Standardy-Ochrony-Dzieci_skrot-1-768x1086-1.jpg 768w\" sizes=\"(max-width: 724px) 100vw, 724px\" \/><\/figure>\n\n\n\n<div style=\"height:40px\" aria-hidden=\"true\" class=\"wp-block-spacer\"><\/div>\n","protected":false},"excerpt":{"rendered":"","protected":false},"author":3,"featured_media":0,"parent":0,"menu_order":0,"comment_status":"closed","ping_status":"closed","template":"","meta":{"_lmt_disableupdate":"","_lmt_disable":"","footnotes":""},"class_list":["post-8381","page","type-page","status-publish","hentry"],"_links":{"self":[{"href":"https:\/\/swiety-jozef.pl\/index.php\/wp-json\/wp\/v2\/pages\/8381","targetHints":{"allow":["GET"]}}],"collection":[{"href":"https:\/\/swiety-jozef.pl\/index.php\/wp-json\/wp\/v2\/pages"}],"about":[{"href":"https:\/\/swiety-jozef.pl\/index.php\/wp-json\/wp\/v2\/types\/page"}],"author":[{"embeddable":true,"href":"https:\/\/swiety-jozef.pl\/index.php\/wp-json\/wp\/v2\/users\/3"}],"replies":[{"embeddable":true,"href":"https:\/\/swiety-jozef.pl\/index.php\/wp-json\/wp\/v2\/comments?post=8381"}],"version-history":[{"count":6,"href":"https:\/\/swiety-jozef.pl\/index.php\/wp-json\/wp\/v2\/pages\/8381\/revisions"}],"predecessor-version":[{"id":8396,"href":"https:\/\/swiety-jozef.pl\/index.php\/wp-json\/wp\/v2\/pages\/8381\/revisions\/8396"}],"wp:attachment":[{"href":"https:\/\/swiety-jozef.pl\/index.php\/wp-json\/wp\/v2\/media?parent=8381"}],"curies":[{"name":"wp","href":"https:\/\/api.w.org\/{rel}","templated":true}]}}