{"id":5851,"date":"2022-05-05T09:39:23","date_gmt":"2022-05-05T07:39:23","guid":{"rendered":"https:\/\/swiety-jozef.pl\/?page_id=5851"},"modified":"2026-03-08T20:43:09","modified_gmt":"2026-03-08T19:43:09","slug":"duszpasterstwo-w-szpitalu","status":"publish","type":"page","link":"https:\/\/swiety-jozef.pl\/index.php\/duszpasterstwo-w-szpitalu\/","title":{"rendered":"Duszpasterstwo w szpitalu"},"content":{"rendered":"\n<figure class=\"wp-block-image size-full is-style-default\"><img fetchpriority=\"high\" decoding=\"async\" width=\"800\" height=\"380\" src=\"https:\/\/swiety-jozef.pl\/wp-content\/uploads\/2022\/05\/logodsz.png\" alt=\"\" class=\"wp-image-5852\" srcset=\"https:\/\/swiety-jozef.pl\/wp-content\/uploads\/2022\/05\/logodsz.png 800w, https:\/\/swiety-jozef.pl\/wp-content\/uploads\/2022\/05\/logodsz-300x143.png 300w, https:\/\/swiety-jozef.pl\/wp-content\/uploads\/2022\/05\/logodsz-768x365.png 768w, https:\/\/swiety-jozef.pl\/wp-content\/uploads\/2022\/05\/logodsz-585x278.png 585w\" sizes=\"(max-width: 800px) 100vw, 800px\" \/><\/figure>\n\n\n\n<div style=\"height:25px\" aria-hidden=\"true\" class=\"wp-block-spacer\"><\/div>\n\n\n\n<h4 class=\"wp-block-heading has-text-align-center\">Kaplica pw. Matki Bo\u017cej Cz\u0119stochowskiej<\/h4>\n\n\n\n<p class=\"has-text-align-center\">znajduje si\u0119 w g\u0142\u00f3wnym budynku szpitala na I pi\u0119trze<br>naprzeciw oddzia\u0142u Rehabilitacji<br>(mo\u017cliwo\u015b\u0107 indywidualnej modlitwy od godz. 6:00 do godz. 21:00)<\/p>\n\n\n\n<div style=\"height:25px\" aria-hidden=\"true\" class=\"wp-block-spacer\"><\/div>\n\n\n\n<h4 class=\"wp-block-heading\">Msze \u015bwi\u0119te<\/h4>\n\n\n\n<ul class=\"wp-block-list\">\n<li>w niedziele i uroczysto\u015bci godz. 7:00 i 10:00<\/li>\n\n\n\n<li>w dni powszednie: wtorek, \u015broda, czwartek, pi\u0105tek: godz. 15:00 (w styczniu godz. 14:30)<\/li>\n\n\n\n<li>w miesi\u0105cach:: lipiec i sierpie\u0144: niedziela \u2013 godz. 7:00; w dni powszednie: \u015broda i pi\u0105tek \u2013 godz.15:00.<\/li>\n<\/ul>\n\n\n\n<div style=\"height:25px\" aria-hidden=\"true\" class=\"wp-block-spacer\"><\/div>\n\n\n\n<h4 class=\"wp-block-heading\">Nabo\u017ce\u0144stwa &#8211; godz. 14:30<\/h4>\n\n\n\n<ul class=\"wp-block-list\">\n<li>adoracja Naj\u015bwi\u0119tszego Sakramentu z modlitw\u0105 w intencji pacjent\u00f3w szpitala<\/li>\n\n\n\n<li>Nowenna do Matki Bo\u017cej Nieustaj\u0105cej Pomocy (w ka\u017cd\u0105 \u015brod\u0119)<\/li>\n\n\n\n<li>R\u00f3\u017caniec (w pa\u017adzierniku)<\/li>\n\n\n\n<li>Droga Krzy\u017cowa (Wielki Post)<\/li>\n\n\n\n<li>Litania do Matki Bo\u017cej (w maju)<\/li>\n\n\n\n<li>Litania do Serca Pana Jezusa (w czerwcu)<\/li>\n<\/ul>\n\n\n\n<div style=\"height:25px\" aria-hidden=\"true\" class=\"wp-block-spacer\"><\/div>\n\n\n\n<h4 class=\"wp-block-heading\">Odwiedziny chorych na wyznaczonych dzia\u0142ach szpitala:<\/h4>\n\n\n\n<ul class=\"wp-block-list\">\n<li><strong>Niedziela, \u015aroda, Pi\u0105tek<\/strong> &#8211; Anestezjologii i Intensywnej Terapii, Rehabilitacji, Chor\u00f3b Wewn\u0119trznych, Reumatologiczny, Kardiologiczny<\/li>\n\n\n\n<li><strong>Wtorek, Czwartek<\/strong> &#8211; Anestezjologii i Intensywnej Terapii, Neurologiczny, Urazowo &#8211; Ortopedyczny, Chirurgii Plastycznej i Oparze\u0144, Chirurgii Naczy\u0144, Chirurgii, Urologiczny, Neurochirurgii i Neurotraumatologii<\/li>\n\n\n\n<li><strong>Sobota <\/strong>&#8211; Anestezjologii i Intensywnej Terapii, Po\u0142o\u017cniczo-Ginekologiczny, Neurologiczny, Urazowo &#8211; Ortopedyczny, Chrurgii Plastycznej i Oparze\u0144, Chirurgii Naczy\u0144, Chirurgii, Urologiczny, Neurochirurgii i Neurotraumatologii<\/li>\n<\/ul>\n\n\n\n<div style=\"height:24px\" aria-hidden=\"true\" class=\"wp-block-spacer\"><\/div>\n\n\n\n<div class=\"wp-block-media-text alignfull has-media-on-the-right is-stacked-on-mobile\"><div class=\"wp-block-media-text__content\">\n<h5 class=\"wp-block-heading has-text-align-left\"><br>Kapelan szpitala w Nowej Soli<\/h5>\n\n\n\n<h5 class=\"wp-block-heading has-text-align-left\">Kontakt do kapelana szpitalnego:<br>tel. +48 730 093 099<\/h5>\n<\/div><figure class=\"wp-block-media-text__media\"><img decoding=\"async\" width=\"600\" height=\"588\" src=\"https:\/\/swiety-jozef.pl\/wp-content\/uploads\/2022\/09\/ksobrazek.jpg\" alt=\"\" class=\"wp-image-6361 size-full\" srcset=\"https:\/\/swiety-jozef.pl\/wp-content\/uploads\/2022\/09\/ksobrazek.jpg 600w, https:\/\/swiety-jozef.pl\/wp-content\/uploads\/2022\/09\/ksobrazek-300x294.jpg 300w, https:\/\/swiety-jozef.pl\/wp-content\/uploads\/2022\/09\/ksobrazek-585x573.jpg 585w\" sizes=\"(max-width: 600px) 100vw, 600px\" \/><\/figure><\/div>\n\n\n\n<div style=\"height:36px\" aria-hidden=\"true\" class=\"wp-block-spacer\"><\/div>\n\n\n\n<h5 class=\"wp-block-heading\">Strona Duszpasterstwa Chorych i S\u0142u\u017cby Zdrowia Diecezji Zielonog\u00f3rsko-Gorzowskiej: <a rel=\"noreferrer noopener\" href=\"https:\/\/dsz.zgora.pl\/\" target=\"_blank\">www.dsz.zgora.pl<\/a><\/h5>\n\n\n\n<div style=\"height:18px\" aria-hidden=\"true\" class=\"wp-block-spacer\"><\/div>\n\n\n\n<h4 class=\"wp-block-heading\">Kaplica szpitalna<\/h4>\n\n\n\n<figure class=\"wp-block-image size-full is-style-default\"><img decoding=\"async\" width=\"800\" height=\"449\" src=\"https:\/\/swiety-jozef.pl\/wp-content\/uploads\/2022\/05\/kaplica_szpital_nowa_sol.jpg\" alt=\"\" class=\"wp-image-5854\" srcset=\"https:\/\/swiety-jozef.pl\/wp-content\/uploads\/2022\/05\/kaplica_szpital_nowa_sol.jpg 800w, https:\/\/swiety-jozef.pl\/wp-content\/uploads\/2022\/05\/kaplica_szpital_nowa_sol-300x168.jpg 300w, https:\/\/swiety-jozef.pl\/wp-content\/uploads\/2022\/05\/kaplica_szpital_nowa_sol-768x431.jpg 768w, https:\/\/swiety-jozef.pl\/wp-content\/uploads\/2022\/05\/kaplica_szpital_nowa_sol-585x328.jpg 585w\" sizes=\"(max-width: 800px) 100vw, 800px\" \/><\/figure>\n\n\n\n<p><\/p>\n","protected":false},"excerpt":{"rendered":"<p>Kaplica pw. Matki Bo\u017cej Cz\u0119stochowskiej znajduje si\u0119 w g\u0142\u00f3wnym budynku szpitala na I pi\u0119trzenaprzeciw oddzia\u0142u Rehabilitacji(mo\u017cliwo\u015b\u0107 indywidualnej modlitwy od godz. 6:00 do godz. 21:00) Msze \u015bwi\u0119te Nabo\u017ce\u0144stwa &#8211; godz. 14:30&hellip;<\/p>\n","protected":false},"author":3,"featured_media":0,"parent":0,"menu_order":0,"comment_status":"closed","ping_status":"closed","template":"","meta":{"_lmt_disableupdate":"","_lmt_disable":"","footnotes":""},"class_list":["post-5851","page","type-page","status-publish","hentry"],"_links":{"self":[{"href":"https:\/\/swiety-jozef.pl\/index.php\/wp-json\/wp\/v2\/pages\/5851","targetHints":{"allow":["GET"]}}],"collection":[{"href":"https:\/\/swiety-jozef.pl\/index.php\/wp-json\/wp\/v2\/pages"}],"about":[{"href":"https:\/\/swiety-jozef.pl\/index.php\/wp-json\/wp\/v2\/types\/page"}],"author":[{"embeddable":true,"href":"https:\/\/swiety-jozef.pl\/index.php\/wp-json\/wp\/v2\/users\/3"}],"replies":[{"embeddable":true,"href":"https:\/\/swiety-jozef.pl\/index.php\/wp-json\/wp\/v2\/comments?post=5851"}],"version-history":[{"count":23,"href":"https:\/\/swiety-jozef.pl\/index.php\/wp-json\/wp\/v2\/pages\/5851\/revisions"}],"predecessor-version":[{"id":9112,"href":"https:\/\/swiety-jozef.pl\/index.php\/wp-json\/wp\/v2\/pages\/5851\/revisions\/9112"}],"wp:attachment":[{"href":"https:\/\/swiety-jozef.pl\/index.php\/wp-json\/wp\/v2\/media?parent=5851"}],"curies":[{"name":"wp","href":"https:\/\/api.w.org\/{rel}","templated":true}]}}