{"id":4396,"date":"2022-03-16T10:01:01","date_gmt":"2022-03-16T09:01:01","guid":{"rendered":"https:\/\/swiety-jozef.pl\/?page_id=4396"},"modified":"2026-03-07T23:49:10","modified_gmt":"2026-03-07T22:49:10","slug":"msze-swiete","status":"publish","type":"page","link":"https:\/\/swiety-jozef.pl\/index.php\/msze-swiete\/","title":{"rendered":"Msze \u015awi\u0119te"},"content":{"rendered":"\n<figure class=\"wp-block-image size-full is-resized is-style-default\"><img fetchpriority=\"high\" decoding=\"async\" width=\"800\" height=\"533\" src=\"https:\/\/swiety-jozef.pl\/wp-content\/uploads\/2022\/03\/mszastr3.jpg\" alt=\"\" class=\"wp-image-4404\" style=\"width:800px;height:533px\" srcset=\"https:\/\/swiety-jozef.pl\/wp-content\/uploads\/2022\/03\/mszastr3.jpg 800w, https:\/\/swiety-jozef.pl\/wp-content\/uploads\/2022\/03\/mszastr3-300x200.jpg 300w, https:\/\/swiety-jozef.pl\/wp-content\/uploads\/2022\/03\/mszastr3-768x512.jpg 768w, https:\/\/swiety-jozef.pl\/wp-content\/uploads\/2022\/03\/mszastr3-585x390.jpg 585w, https:\/\/swiety-jozef.pl\/wp-content\/uploads\/2022\/03\/mszastr3-263x175.jpg 263w\" sizes=\"(max-width: 800px) 100vw, 800px\" \/><\/figure>\n\n\n\n<div style=\"height:21px\" aria-hidden=\"true\" class=\"wp-block-spacer\"><\/div>\n\n\n\n<h4 class=\"wp-block-heading\">Msze \u015awi\u0119te<\/h4>\n\n\n\n<div style=\"height:32px\" aria-hidden=\"true\" class=\"wp-block-spacer\"><\/div>\n\n\n\n<p><strong>Msze \u015bw. w niedziele:<\/strong><\/p>\n\n\n\n<p>7:30, 9:30, 11:00, 12:30, 14:00, 18:30;<\/p>\n\n\n\n<p>Msza \u015bw. dla dzieci o godzinie <strong>11:00<\/strong><br><\/p>\n\n\n\n<div style=\"height:25px\" aria-hidden=\"true\" class=\"wp-block-spacer\"><\/div>\n\n\n\n<p><strong>Msze \u015bw. w dni powszednie:<\/strong><\/p>\n\n\n\n<p>Godzina: 7:00, 18:00 i o godzinie 7:30 Msze \u015bw. pogrzebowe<\/p>\n\n\n\n<p><strong>W czasie Adwentu <\/strong>zapraszamy na <strong>Msze \u015bw. Roratnie,<\/strong> we wszystkie dni powszednie: rano <strong>o godz. 6:30 <\/strong>i wieczorem <strong>o godz.<\/strong> <strong>17:00.<\/strong> O godz. <strong>18:00 <\/strong>\u2013 Msza z dnia.<\/p>\n\n\n\n<div style=\"height:26px\" aria-hidden=\"true\" class=\"wp-block-spacer\"><\/div>\n\n\n\n<p><strong>Kaplica szpitalna:<\/strong><\/p>\n\n\n\n<p>w niedziele i uroczysto\u015bci godz. 7:00 i 10:00<br>w dni powszednie: wtorek, \u015broda, czwartek, pi\u0105tek: godz. 15:00 (w styczniu godz. 14:30)<br>w miesi\u0105cach:: lipiec i sierpie\u0144: niedziela &#8211; godz. 7:00; w dni powszednie: \u015broda i pi\u0105tek &#8211; godz.15:00.<\/p>\n\n\n\n<div style=\"height:25px\" aria-hidden=\"true\" class=\"wp-block-spacer\"><\/div>\n\n\n\n<p><\/p>\n\n\n\n<div style=\"height:200px\" aria-hidden=\"true\" class=\"wp-block-spacer\"><\/div>\n","protected":false},"excerpt":{"rendered":"<p>Msze \u015awi\u0119te Msze \u015bw. w niedziele: 7:30, 9:30, 11:00, 12:30, 14:00, 18:30; Msza \u015bw. dla dzieci o godzinie 11:00 Msze \u015bw. w dni powszednie: Godzina: 7:00, 18:00 i o godzinie&hellip;<\/p>\n","protected":false},"author":1,"featured_media":0,"parent":0,"menu_order":0,"comment_status":"closed","ping_status":"closed","template":"page-sidebar.php","meta":{"_lmt_disableupdate":"","_lmt_disable":"","footnotes":""},"class_list":["post-4396","page","type-page","status-publish","hentry"],"_links":{"self":[{"href":"https:\/\/swiety-jozef.pl\/index.php\/wp-json\/wp\/v2\/pages\/4396","targetHints":{"allow":["GET"]}}],"collection":[{"href":"https:\/\/swiety-jozef.pl\/index.php\/wp-json\/wp\/v2\/pages"}],"about":[{"href":"https:\/\/swiety-jozef.pl\/index.php\/wp-json\/wp\/v2\/types\/page"}],"author":[{"embeddable":true,"href":"https:\/\/swiety-jozef.pl\/index.php\/wp-json\/wp\/v2\/users\/1"}],"replies":[{"embeddable":true,"href":"https:\/\/swiety-jozef.pl\/index.php\/wp-json\/wp\/v2\/comments?post=4396"}],"version-history":[{"count":19,"href":"https:\/\/swiety-jozef.pl\/index.php\/wp-json\/wp\/v2\/pages\/4396\/revisions"}],"predecessor-version":[{"id":9108,"href":"https:\/\/swiety-jozef.pl\/index.php\/wp-json\/wp\/v2\/pages\/4396\/revisions\/9108"}],"wp:attachment":[{"href":"https:\/\/swiety-jozef.pl\/index.php\/wp-json\/wp\/v2\/media?parent=4396"}],"curies":[{"name":"wp","href":"https:\/\/api.w.org\/{rel}","templated":true}]}}