{"id":3877,"date":"2022-03-09T20:17:08","date_gmt":"2022-03-09T19:17:08","guid":{"rendered":"https:\/\/swiety-jozef.pl\/?page_id=3877"},"modified":"2024-01-08T17:39:38","modified_gmt":"2024-01-08T16:39:38","slug":"transmisja-on-line-z-kosciola","status":"publish","type":"page","link":"https:\/\/swiety-jozef.pl\/index.php\/transmisja-on-line-z-kosciola\/","title":{"rendered":"Transmisja On-line z Ko\u015bcio\u0142a"},"content":{"rendered":"\n<h4 class=\"wp-block-heading has-text-align-left\">Transmisja On-line z ko\u015bcio\u0142a<\/h4>\n\n\n\n<div style=\"height:21px\" aria-hidden=\"true\" class=\"wp-block-spacer\"><\/div>\n\n\n\n<p class=\"has-medium-font-size\"><strong>Podajemy bezpo\u015bredni adres do konta parafii w serwisie Youtube<\/strong>, naci\u015bnij link poni\u017cej aby przej\u015b\u0107 na stron\u0119 parafii na Youtube:<\/p>\n\n\n\n<p class=\"has-medium-font-size\"><a href=\"https:\/\/www.youtube.com\/@SwietyJozefNowaSolLive\/streams\" target=\"_blank\" rel=\"noreferrer noopener\"><strong>https:\/\/www.youtube.com\/@SwietyJozefNowaSolLive\/streams<\/strong><\/a><\/p>\n\n\n\n<div style=\"height:24px\" aria-hidden=\"true\" class=\"wp-block-spacer\"><\/div>\n\n\n\n<p>Drodzy Parafianie, uruchomili\u015bmy internetow\u0105 transmisj\u0119 telewizyjn\u0105 z naszego ko\u015bcio\u0142a i kaplicy naszego ko\u015bcio\u0142a. Transmisja b\u0119dzie prowadzona <strong>przez 24 godziny <\/strong>na dob\u0119. Zapraszamy do subskrypcji kana\u0142u naszej parafii przez naci\u015bni\u0119cie czerwonego przycisku <strong>SUBSKRYBUJ<\/strong>. Gdy uzbieramy wi\u0119ksz\u0105 ilo\u015b\u0107 os\u00f3b subskrybuj\u0105cych nasz kana\u0142, zyskamy wi\u0119cej mo\u017cliwo\u015bci zarz\u0105dzania kontem parafii na <strong>Youtube<\/strong>.<\/p>\n\n\n\n<p>Obecnie dost\u0119pne s\u0105 dwie kamery: jedna z ko\u015bcio\u0142a i druga z kaplicy. Aby wybra\u0107 jedn\u0105 z kamer, prosz\u0119 wej\u015b\u0107 na konto parafii na Youtube i dokona\u0107 wyboru kamery.<\/p>\n\n\n\n<div style=\"height:25px\" aria-hidden=\"true\" class=\"wp-block-spacer\"><\/div>\n\n\n\n<p>Je\u015bli szukasz transmisji kana\u0142u parafii w aplikacji Youtube, w smartfonie, komputerze, telewizorze lub dekoderze, to wpisz nast\u0119puj\u0105ce s\u0142owa kluczowe: <strong>swiety jozef nowa sol<\/strong><br>Kana\u0142 powinien pojawi\u0107 si\u0119 na pierwszym miejscu na li\u015bcie, mo\u017ce si\u0119 jednak zdarzy\u0107, \u017ce b\u0119dzie na dalszych miejscach.<\/p>\n\n\n\n<p>Nazwa kana\u0142u to: <strong>Swiety-Jozef-NowaSol<\/strong><\/p>\n\n\n\n<div style=\"height:30px\" aria-hidden=\"true\" class=\"wp-block-spacer\"><\/div>\n\n\n\n<p class=\"has-text-align-right\"><strong>Z darem modlitwy i Bo\u017cym B\u0142ogos\u0142awie\u0144stwem<br>ks. Krzysztof Kocz<\/strong><br><strong>Proboszcz<\/strong><\/p>\n\n\n\n<div style=\"height:25px\" aria-hidden=\"true\" class=\"wp-block-spacer\"><\/div>\n\n\n\n<div style=\"height:70px\" aria-hidden=\"true\" class=\"wp-block-spacer\"><\/div>\n\n\n\n<div style=\"height:18px\" aria-hidden=\"true\" class=\"wp-block-spacer\"><\/div>\n\n\n\n<div style=\"height:50px\" aria-hidden=\"true\" class=\"wp-block-spacer\"><\/div>\n\n\n\n<div style=\"height:29px\" aria-hidden=\"true\" class=\"wp-block-spacer\"><\/div>\n","protected":false},"excerpt":{"rendered":"<p>Transmisja On-line z ko\u015bcio\u0142a Podajemy bezpo\u015bredni adres do konta parafii w serwisie Youtube, naci\u015bnij link poni\u017cej aby przej\u015b\u0107 na stron\u0119 parafii na Youtube: https:\/\/www.youtube.com\/@SwietyJozefNowaSolLive\/streams Drodzy Parafianie, uruchomili\u015bmy internetow\u0105 transmisj\u0119 telewizyjn\u0105&hellip;<\/p>\n","protected":false},"author":1,"featured_media":0,"parent":0,"menu_order":0,"comment_status":"closed","ping_status":"closed","template":"page-sidebar.php","meta":{"_lmt_disableupdate":"","_lmt_disable":"","footnotes":""},"class_list":["post-3877","page","type-page","status-publish","hentry"],"_links":{"self":[{"href":"https:\/\/swiety-jozef.pl\/index.php\/wp-json\/wp\/v2\/pages\/3877","targetHints":{"allow":["GET"]}}],"collection":[{"href":"https:\/\/swiety-jozef.pl\/index.php\/wp-json\/wp\/v2\/pages"}],"about":[{"href":"https:\/\/swiety-jozef.pl\/index.php\/wp-json\/wp\/v2\/types\/page"}],"author":[{"embeddable":true,"href":"https:\/\/swiety-jozef.pl\/index.php\/wp-json\/wp\/v2\/users\/1"}],"replies":[{"embeddable":true,"href":"https:\/\/swiety-jozef.pl\/index.php\/wp-json\/wp\/v2\/comments?post=3877"}],"version-history":[{"count":66,"href":"https:\/\/swiety-jozef.pl\/index.php\/wp-json\/wp\/v2\/pages\/3877\/revisions"}],"predecessor-version":[{"id":7952,"href":"https:\/\/swiety-jozef.pl\/index.php\/wp-json\/wp\/v2\/pages\/3877\/revisions\/7952"}],"wp:attachment":[{"href":"https:\/\/swiety-jozef.pl\/index.php\/wp-json\/wp\/v2\/media?parent=3877"}],"curies":[{"name":"wp","href":"https:\/\/api.w.org\/{rel}","templated":true}]}}