{"id":3849,"date":"2022-03-09T16:18:38","date_gmt":"2022-03-09T15:18:38","guid":{"rendered":"https:\/\/swiety-jozef.pl\/?page_id=3849"},"modified":"2022-03-09T16:23:34","modified_gmt":"2022-03-09T15:23:34","slug":"kolo-przyjaciol-radia-maryja","status":"publish","type":"page","link":"https:\/\/swiety-jozef.pl\/index.php\/kolo-przyjaciol-radia-maryja\/","title":{"rendered":"Ko\u0142o Przyjaci\u00f3\u0142 Radia Maryja"},"content":{"rendered":"\n<p>Ko\u0142o Przyjaci\u00f3\u0142 Radia Maryja<\/p>\n\n\n\n<p>W trakcie tworzenia<\/p>\n","protected":false},"excerpt":{"rendered":"<p>Ko\u0142o Przyjaci\u00f3\u0142 Radia Maryja W trakcie tworzenia<\/p>\n","protected":false},"author":1,"featured_media":0,"parent":0,"menu_order":0,"comment_status":"closed","ping_status":"closed","template":"page-sidebar.php","meta":{"_lmt_disableupdate":"","_lmt_disable":"","footnotes":""},"class_list":["post-3849","page","type-page","status-publish","hentry"],"_links":{"self":[{"href":"https:\/\/swiety-jozef.pl\/index.php\/wp-json\/wp\/v2\/pages\/3849","targetHints":{"allow":["GET"]}}],"collection":[{"href":"https:\/\/swiety-jozef.pl\/index.php\/wp-json\/wp\/v2\/pages"}],"about":[{"href":"https:\/\/swiety-jozef.pl\/index.php\/wp-json\/wp\/v2\/types\/page"}],"author":[{"embeddable":true,"href":"https:\/\/swiety-jozef.pl\/index.php\/wp-json\/wp\/v2\/users\/1"}],"replies":[{"embeddable":true,"href":"https:\/\/swiety-jozef.pl\/index.php\/wp-json\/wp\/v2\/comments?post=3849"}],"version-history":[{"count":1,"href":"https:\/\/swiety-jozef.pl\/index.php\/wp-json\/wp\/v2\/pages\/3849\/revisions"}],"predecessor-version":[{"id":3850,"href":"https:\/\/swiety-jozef.pl\/index.php\/wp-json\/wp\/v2\/pages\/3849\/revisions\/3850"}],"wp:attachment":[{"href":"https:\/\/swiety-jozef.pl\/index.php\/wp-json\/wp\/v2\/media?parent=3849"}],"curies":[{"name":"wp","href":"https:\/\/api.w.org\/{rel}","templated":true}]}}