{"id":3818,"date":"2022-03-09T15:58:57","date_gmt":"2022-03-09T14:58:57","guid":{"rendered":"https:\/\/swiety-jozef.pl\/?page_id=3818"},"modified":"2022-03-09T16:07:10","modified_gmt":"2022-03-09T15:07:10","slug":"oaza-mlodziezowa","status":"publish","type":"page","link":"https:\/\/swiety-jozef.pl\/index.php\/oaza-mlodziezowa\/","title":{"rendered":"Oaza M\u0142odzie\u017cowa"},"content":{"rendered":"\n<h4 class=\"has-text-align-center wp-block-heading\">Oaza M\u0142odzie\u017cowa<\/h4>\n\n\n\n<div class=\"wp-block-image is-style-default\"><figure class=\"aligncenter size-full is-resized\"><img fetchpriority=\"high\" decoding=\"async\" src=\"https:\/\/swiety-jozef.pl\/wp-content\/uploads\/2022\/03\/zdjecie-2.jpg\" alt=\"\" class=\"wp-image-3830\" width=\"518\" height=\"346\" srcset=\"https:\/\/swiety-jozef.pl\/wp-content\/uploads\/2022\/03\/zdjecie-2.jpg 400w, https:\/\/swiety-jozef.pl\/wp-content\/uploads\/2022\/03\/zdjecie-2-300x200.jpg 300w, https:\/\/swiety-jozef.pl\/wp-content\/uploads\/2022\/03\/zdjecie-2-263x175.jpg 263w\" sizes=\"(max-width: 518px) 100vw, 518px\" \/><\/figure><\/div>\n\n\n\n<div style=\"height:25px\" aria-hidden=\"true\" class=\"wp-block-spacer\"><\/div>\n\n\n\n<p>To jedna z grup&nbsp;<strong>Ruchu \u015awiat\u0142o-\u017bycie<\/strong>, kt\u00f3rego za\u0142o\u017cycielem by\u0142 ks. Franciszek Blachnicki<\/p>\n\n\n\n<p>W grupie razem wzrastamy duchowo i rozwijamy swoje zainteresowania.<\/p>\n\n\n\n<p>Spotkania odbywaj\u0105 si\u0119 w soboty o godz. 12.00-13.00 w salce pod ko\u015bcio\u0142em.<\/p>\n\n\n\n<p>Msza \u015bw. dla wszystkich grup Ruchu \u015awiat\u0142o-\u017bycie w ka\u017cdy drugi pi\u0105tek miesi\u0105ca o godz. 18.00.<\/p>\n\n\n\n<p><strong>Zapraszamy<\/strong><\/p>\n\n\n\n<p>Oaza Dzieci Bo\u017cych oraz Oaza M\u0142odzie\u017cowa wznowi\u0142y swoj\u0105 dzia\u0142alno\u015b\u0107 w parafii \u015bw. J\u00f3zefa Rzemie\u015blnika w dniu 07. 03. 2015 r.<\/p>\n\n\n\n<p>Spotkania odbywaj\u0105 si\u0119 w ka\u017cd\u0105 sobot\u0119 od godz. 11.00<\/p>\n","protected":false},"excerpt":{"rendered":"<p>Oaza M\u0142odzie\u017cowa To jedna z grup&nbsp;Ruchu \u015awiat\u0142o-\u017bycie, kt\u00f3rego za\u0142o\u017cycielem by\u0142 ks. Franciszek Blachnicki W grupie razem wzrastamy duchowo i rozwijamy swoje zainteresowania. Spotkania odbywaj\u0105 si\u0119 w soboty o godz. 12.00-13.00&hellip;<\/p>\n","protected":false},"author":1,"featured_media":0,"parent":0,"menu_order":0,"comment_status":"closed","ping_status":"closed","template":"page-sidebar.php","meta":{"_lmt_disableupdate":"","_lmt_disable":"","footnotes":""},"class_list":["post-3818","page","type-page","status-publish","hentry"],"_links":{"self":[{"href":"https:\/\/swiety-jozef.pl\/index.php\/wp-json\/wp\/v2\/pages\/3818","targetHints":{"allow":["GET"]}}],"collection":[{"href":"https:\/\/swiety-jozef.pl\/index.php\/wp-json\/wp\/v2\/pages"}],"about":[{"href":"https:\/\/swiety-jozef.pl\/index.php\/wp-json\/wp\/v2\/types\/page"}],"author":[{"embeddable":true,"href":"https:\/\/swiety-jozef.pl\/index.php\/wp-json\/wp\/v2\/users\/1"}],"replies":[{"embeddable":true,"href":"https:\/\/swiety-jozef.pl\/index.php\/wp-json\/wp\/v2\/comments?post=3818"}],"version-history":[{"count":5,"href":"https:\/\/swiety-jozef.pl\/index.php\/wp-json\/wp\/v2\/pages\/3818\/revisions"}],"predecessor-version":[{"id":3832,"href":"https:\/\/swiety-jozef.pl\/index.php\/wp-json\/wp\/v2\/pages\/3818\/revisions\/3832"}],"wp:attachment":[{"href":"https:\/\/swiety-jozef.pl\/index.php\/wp-json\/wp\/v2\/media?parent=3818"}],"curies":[{"name":"wp","href":"https:\/\/api.w.org\/{rel}","templated":true}]}}