{"id":3801,"date":"2022-03-09T15:44:11","date_gmt":"2022-03-09T14:44:11","guid":{"rendered":"https:\/\/swiety-jozef.pl\/?page_id=3801"},"modified":"2022-03-09T15:52:41","modified_gmt":"2022-03-09T14:52:41","slug":"ruch-rodzin-nazaretanskich","status":"publish","type":"page","link":"https:\/\/swiety-jozef.pl\/index.php\/ruch-rodzin-nazaretanskich\/","title":{"rendered":"Ruch Rodzin Nazareta\u0144skich"},"content":{"rendered":"\n<div class=\"wp-block-media-text alignwide is-stacked-on-mobile\" style=\"grid-template-columns:29% auto\"><figure class=\"wp-block-media-text__media\"><img fetchpriority=\"high\" decoding=\"async\" width=\"400\" height=\"455\" src=\"https:\/\/swiety-jozef.pl\/wp-content\/uploads\/2022\/03\/ruchrodzinnazaretanskich-2.jpg\" alt=\"\" class=\"wp-image-3802 size-full\" srcset=\"https:\/\/swiety-jozef.pl\/wp-content\/uploads\/2022\/03\/ruchrodzinnazaretanskich-2.jpg 400w, https:\/\/swiety-jozef.pl\/wp-content\/uploads\/2022\/03\/ruchrodzinnazaretanskich-2-264x300.jpg 264w\" sizes=\"(max-width: 400px) 100vw, 400px\" \/><\/figure><div class=\"wp-block-media-text__content\">\n<p><strong>Ruch Rodzin Nazareta\u0144skich<\/strong><\/p>\n\n\n\n<p>Ruch Rodzin Nazareta\u0144skich jest mi\u0119dzynarodowym katolickim ruchem apostolstwa rodzin.<\/p>\n\n\n\n<p>Ruch wyr\u00f3s\u0142 z inicjatywy ks. Tadeusza Dajczera (+ 2009) i ks. Andrzeja Buczela (+1994 r.) oraz grupy os\u00f3b \u015bwieckich, kt\u00f3rzy utworzyli w 1985 r. w Warszawie wsp\u00f3lnot\u0119 ewangelizacyjn\u0105 d\u0105\u017c\u0105c\u0105 w oparciu o kierownictwo duchowe \u2013 do radykalizmu wiary przez ci\u0105g\u0142e nawr\u00f3cenie. Od 1987 r. Ruch Rodzin Nazareta\u0144skich jest obecny w wielu diecezjach Polski, a tak\u017ce za granic\u0105.<\/p>\n<\/div><\/div>\n\n\n\n<div style=\"height:21px\" aria-hidden=\"true\" class=\"wp-block-spacer\"><\/div>\n\n\n\n<p>Ruch wyr\u00f3s\u0142 z inicjatywy ks. Tadeusza Dajczera (+ 2009) i ks. Andrzeja Buczela (+1994 r.) oraz grupy os\u00f3b \u015bwieckich, kt\u00f3rzy utworzyli w 1985 r. w Warszawie wsp\u00f3lnot\u0119 ewangelizacyjn\u0105 d\u0105\u017c\u0105c\u0105 w oparciu o kierownictwo duchowe \u2013 do radykalizmu wiary przez ci\u0105g\u0142e nawr\u00f3cenie. Od 1987 r. Ruch Rodzin Nazareta\u0144skich jest obecny w wielu diecezjach Polski, a tak\u017ce za granic\u0105.<\/p>\n\n\n\n<p><strong>Nasza to\u017csamo\u015b\u0107<\/strong><\/p>\n\n\n\n<p>Wzorem dla nas jest&nbsp;<strong>\u017cycie \u015awi\u0119tej Rodziny z Nazaretu<\/strong>, kt\u00f3ra uczy nas, \u017ce \u015bwi\u0119to\u015b\u0107 realizuje si\u0119 w codzienno\u015bci prze\u017cywanej z Bogiem i w braterskiej wsp\u00f3lnocie.<\/p>\n\n\n\n<p><strong>1<\/strong>. Pragniemy, by centrum naszego \u017cycia stanowi\u0142a&nbsp;<strong>Eucharystia<\/strong>, w kt\u00f3rej dociera do nas i udziela si\u0119 nam ca\u0142e Bo\u017ce \u017cycie. Cz\u0119sty, a nawet codzienny udzia\u0142 w Mszy \u015bw., adoracja Naj\u015bwi\u0119tszego Sakramentu oraz oczekiwanie na spotkanie z Chrystusem w Eucharystii maj\u0105 nas prowadzi\u0107 do eucharystycznego stylu \u017cycia.<\/p>\n\n\n\n<p><strong>2<\/strong>. Ruch powstawa\u0142 wok\u00f3\u0142 konfesjona\u0142u. Maj\u0105c \u015bwiadomo\u015b\u0107 potrzeby nieustannego nawracania si\u0119, korzystamy cz\u0119sto, przynajmniej raz w miesi\u0105cu, z&nbsp;<strong>Sakramentu pokuty<\/strong>, kt\u00f3ry mo\u017ce przybra\u0107 form\u0119&nbsp;<strong>sta\u0142ego spowiednictwa<\/strong>. W miar\u0119 potrzeby duchowej istnieje te\u017c mo\u017cliwo\u015b\u0107 korzystania z<strong>&nbsp;kierownictwa duchowego<\/strong>.<\/p>\n\n\n\n<p><strong>3<\/strong>. Podejmuj\u0105c wol\u0119 Zbawiciela zawart\u0105 w&nbsp;<strong>Testamencie z Krzy\u017ca<\/strong>&nbsp;wyra\u017con\u0105 s\u0142owami: \u201eOto Matka twoja\u201d (J 19,27), za przyk\u0142adem \u015bw. Jana Aposto\u0142a, pragniemy \u017cy\u0107 w komunii z Maryj\u0105 i w tej komunii upatrujemy drog\u0119 do pe\u0142nego zjednoczenia z Chrystusem.<\/p>\n\n\n\n<p><strong>4<\/strong>. Duchowo\u015b\u0107 Ruchu czerpie&nbsp;<strong>inspiracje<\/strong>&nbsp;z duchowo\u015bci karmelita\u0144skiej, a zw\u0142aszcza z \u201ema\u0142ej drogi\u201d \u015bw. Teresy od Dzieci\u0105tka Jezus, z duchowo\u015bci \u015bw. Maksymiliana Marii Kolbego, z or\u0119dzia Bo\u017cego Mi\u0142osierdzia przekazanego przez \u015bw. Faustyn\u0119 Kowalsk\u0105, z przes\u0142ania Matki Bo\u017cej do \u015bw. Juana Diego oraz z nauczania b\u0142. Jana Paw\u0142a II i jego osobistego zawierzenia si\u0119 Maryi.<\/p>\n\n\n\n<p><strong>5<\/strong>. Pragnienie \u017cycia duchowo\u015bci\u0105 Ruchu mo\u017cemy potwierdzi\u0107 przez z\u0142o\u017cenie&nbsp;<strong>Aktu oddania si\u0119 Matce Bo\u017cej na wy\u0142\u0105czn\u0105 s\u0142u\u017cb\u0119 Ko\u015bcio\u0142owi<\/strong>, kt\u00f3ry zawiera w sobie istot\u0119 duchowo\u015bci Ruchu.<\/p>\n\n\n\n<p><strong>6<\/strong>.&nbsp;<strong>Misj\u0105<\/strong>&nbsp;Ruchu jest prowadzenie jego cz\u0142onk\u00f3w drog\u0105 \u017cycia wewn\u0119trznego do \u015bwi\u0119to\u015bci oraz aktywny udzia\u0142 w apostolskiej misji Ko\u015bcio\u0142a, podejmuj\u0105c wezwanie do nowej ewangelizacji. Pomoc w d\u0105\u017ceniu do \u015bwi\u0119to\u015bci skierowana jest do os\u00f3b wszystkich stan\u00f3w, a zw\u0142aszcza ku rodzinie.<\/p>\n\n\n\n<p><strong>7<\/strong>. Kap\u0142ani pos\u0142uguj\u0105cy w Ruchu tworz\u0105&nbsp;<strong>wsp\u00f3lnot\u0119 kap\u0142a\u0144sk\u0105<\/strong>, kt\u00f3ra jest istotn\u0105 pomoc\u0105 w ich formacji duchowej.<\/p>\n\n\n\n<p>Duchowo\u015b\u0107 Ruchu zosta\u0142a wyra\u017cona g\u0142\u00f3wnie w pismach jego za\u0142o\u017cycieli, przet\u0142umaczonych na wiele j\u0119zyk\u00f3w: przede wszystkim w ksi\u0105\u017cce ks. T Dajczera \u201eRozwa\u017cania o wierze\u201d i w zeszytach z serii \u201eKu nowej ewangelizacji\u201d oraz powsta\u0142ych na ich podstawie publikacjach.<\/p>\n\n\n\n<p><strong>Formacja<\/strong><\/p>\n\n\n\n<p>Formacja w Ruchu jest realizowana poprzez:<\/p>\n\n\n\n<ul class=\"wp-block-list\"><li>codzienn\u0105 modlitw\u0119 osobist\u0105,<\/li><li>uczestnictwo w \u017cyciu liturgicznym Ko\u015bcio\u0142a, a zw\u0142aszcza w Eucharystii,<\/li><li>lektur\u0119 S\u0142owa Bo\u017cego, dokument\u00f3w Ko\u015bcio\u0142a i materia\u0142\u00f3w formacyjnych Ruchu,<\/li><li>kierownictwo duchowe,<\/li><li>spotkania w grupach formacyjnych,<\/li><li>rekolekcje, dni skupienia, pielgrzymki.<\/li><\/ul>\n\n\n\n<p><strong>Spotkania w parafii \u015aw. J\u00f3zefa Rzemie\u015blnika<\/strong><\/p>\n\n\n\n<p>Grupa Ruchu Rodzin Nazareta\u0144skich spotyka si\u0119 w naszej parafii od roku 2013. Spotkania odbywaj\u0105 si\u0119 raz w tygodniu \u2013 w pi\u0105tek, po wieczornej Mszy \u015bw. (ok. godz. 19.00), w \u015bwietlicy szko\u0142y katolickiej, z wy\u0142\u0105czeniem wakacji i ferii. Spotkania Ruchu s\u0105 og\u00f3lnie dost\u0119pne i mog\u0105 bra\u0107 w nich udzia\u0142 wszyscy, kt\u00f3rzy wyra\u017c\u0105 ch\u0119\u0107 uczestniczenia. Aktualnie w spotkaniach grupy uczestniczy kilka os\u00f3b. Spotkanie ma form\u0119 wsp\u00f3lnego czytania i rozwa\u017cania tre\u015bci materia\u0142\u00f3w formacyjnych oraz dzielenia si\u0119 \u015bwiadectwem \u017cycia.<\/p>\n\n\n\n<p>Og\u00f3lnopolska strona Ruchu Rodzin Nazareta\u0144skich:&nbsp;<a rel=\"noreferrer noopener\" href=\"http:\/\/www.rrn.info.pl\/\" target=\"_blank\">www.rrn.info.pl<\/a><\/p>\n","protected":false},"excerpt":{"rendered":"<p>Ruch Rodzin Nazareta\u0144skich Ruch Rodzin Nazareta\u0144skich jest mi\u0119dzynarodowym katolickim ruchem apostolstwa rodzin. Ruch wyr\u00f3s\u0142 z inicjatywy ks. Tadeusza Dajczera (+ 2009) i ks. Andrzeja Buczela (+1994 r.) oraz grupy os\u00f3b&hellip;<\/p>\n","protected":false},"author":1,"featured_media":0,"parent":0,"menu_order":0,"comment_status":"closed","ping_status":"closed","template":"page-sidebar.php","meta":{"_lmt_disableupdate":"","_lmt_disable":"","footnotes":""},"class_list":["post-3801","page","type-page","status-publish","hentry"],"_links":{"self":[{"href":"https:\/\/swiety-jozef.pl\/index.php\/wp-json\/wp\/v2\/pages\/3801","targetHints":{"allow":["GET"]}}],"collection":[{"href":"https:\/\/swiety-jozef.pl\/index.php\/wp-json\/wp\/v2\/pages"}],"about":[{"href":"https:\/\/swiety-jozef.pl\/index.php\/wp-json\/wp\/v2\/types\/page"}],"author":[{"embeddable":true,"href":"https:\/\/swiety-jozef.pl\/index.php\/wp-json\/wp\/v2\/users\/1"}],"replies":[{"embeddable":true,"href":"https:\/\/swiety-jozef.pl\/index.php\/wp-json\/wp\/v2\/comments?post=3801"}],"version-history":[{"count":2,"href":"https:\/\/swiety-jozef.pl\/index.php\/wp-json\/wp\/v2\/pages\/3801\/revisions"}],"predecessor-version":[{"id":3807,"href":"https:\/\/swiety-jozef.pl\/index.php\/wp-json\/wp\/v2\/pages\/3801\/revisions\/3807"}],"wp:attachment":[{"href":"https:\/\/swiety-jozef.pl\/index.php\/wp-json\/wp\/v2\/media?parent=3801"}],"curies":[{"name":"wp","href":"https:\/\/api.w.org\/{rel}","templated":true}]}}