{"id":3798,"date":"2022-03-09T15:41:28","date_gmt":"2022-03-09T14:41:28","guid":{"rendered":"https:\/\/swiety-jozef.pl\/?page_id=3798"},"modified":"2022-03-09T15:51:43","modified_gmt":"2022-03-09T14:51:43","slug":"droga-neokatechumenalna","status":"publish","type":"page","link":"https:\/\/swiety-jozef.pl\/index.php\/droga-neokatechumenalna\/","title":{"rendered":"Droga Neokatechumenalna"},"content":{"rendered":"\n<div class=\"wp-block-media-text alignwide is-stacked-on-mobile\" style=\"grid-template-columns:26% auto\"><figure class=\"wp-block-media-text__media\"><img fetchpriority=\"high\" decoding=\"async\" width=\"368\" height=\"520\" src=\"https:\/\/swiety-jozef.pl\/wp-content\/uploads\/2022\/03\/neokatechumenat-1.jpg\" alt=\"\" class=\"wp-image-3799 size-full\" srcset=\"https:\/\/swiety-jozef.pl\/wp-content\/uploads\/2022\/03\/neokatechumenat-1.jpg 368w, https:\/\/swiety-jozef.pl\/wp-content\/uploads\/2022\/03\/neokatechumenat-1-212x300.jpg 212w\" sizes=\"(max-width: 368px) 100vw, 368px\" \/><\/figure><div class=\"wp-block-media-text__content\">\n<h4 class=\"wp-block-heading\">Droga Neokatechumenalna<\/h4>\n\n\n\n<p>W pierwotnym Ko\u015bciele, kiedy \u015bwiat by\u0142 poga\u0144ski, ten, kto chcia\u0142 zosta\u0107 chrze\u015bcijaninem, musia\u0142 rozpocz\u0105\u0107 \u201ekatechumenat\u201d, b\u0119d\u0105cy itinerarium formacji przygotowuj\u0105cej do Chrztu. Dzi\u015b proces sekularyzacji doprowadzi\u0142 wiele os\u00f3b do porzucenia wiary i Ko\u015bcio\u0142a: st\u0105d konieczne jest itinerarium formacji do chrze\u015bcija\u0144stwa.<\/p>\n\n\n\n<p>Droga Neokatechumenalna nie jest ruchem, czy stowarzyszeniem, lecz narz\u0119dziem w \u0142onie parafii, by na nowo przywie\u015b\u0107 do wiary ludzi, kt\u00f3rzy j\u0105 porzucili.<\/p>\n<\/div><\/div>\n\n\n\n<div style=\"height:20px\" aria-hidden=\"true\" class=\"wp-block-spacer\"><\/div>\n\n\n\n<p>Zapocz\u0105tkowana w latach sze\u015b\u0107dziesi\u0105tych w jednym z ubogich przedmie\u015b\u0107 Madrytu, przez Kiko Arg\u00fcello i Carmen Hern\u00e1ndez, zosta\u0142a poparta przez arcybiskupa Madrytu Casimiro Morcillo, kt\u00f3ry dostrzeg\u0142 w tej pierwszej grupie rzeczywiste odkrycie S\u0142owa Bo\u017cego i praktyczn\u0105 realizacj\u0119 odnowy liturgicznej, wprowadzanej w\u00f3wczas przez Sob\u00f3r.<\/p>\n\n\n\n<p>Wzi\u0105wszy pod uwag\u0119 pozytywne do\u015bwiadczenie w parafiach Madrytu i Rzymu, w 1974r. Kongregacja Kultu Bo\u017cego okre\u015bli\u0142a to do\u015bwiadczenie mianem \u201eDrogi Neokatechumenalnej\u201d.<\/p>\n\n\n\n<p>Chodzi o drog\u0119 nawr\u00f3cenia, poprzez kt\u00f3r\u0105 odkry\u0107 mo\u017cna bogactwo Chrztu.<\/p>\n\n\n\n<p>Droga rozprzestrzeni\u0142a si\u0119 na ponad 900 diecezji w 105 krajach, gdzie w 6 000 parafii istnieje 20 000 wsp\u00f3lnot.<\/p>\n\n\n\n<p>W 1987r. w Rzymie otwarto Misyjne Mi\u0119dzynarodowe Seminarium \u201eRedemptoris Mater\u201d, przyjmuj\u0105ce m\u0142odzie\u0144c\u00f3w, kt\u00f3rych powo\u0142anie dojrzewa we wsp\u00f3lnocie Neokatechumenalnej, i kt\u00f3rzy gotowi s\u0105 p\u00f3j\u015b\u0107 na ca\u0142y \u015bwiat. W konsekwencji wielu biskup\u00f3w przej\u0119\u0142o rzymskie do\u015bwiadczenie i dzi\u015b w \u015bwiecie istnieje ponad siedemdziesi\u0105t diecezjalnych misyjnych seminari\u00f3w \u201eRedemptoris Mater\u201d, w kt\u00f3rych formuje si\u0119 ponad tysi\u0105c seminarzyst\u00f3w.<\/p>\n\n\n\n<p>W odpowiedzi na wezwanie papie\u017ca Jana Paw\u0142a II do nowej ewangelizacji, wiele rodzin, kt\u00f3re przesz\u0142y ju\u017c Drog\u0119, ofiarowa\u0142o si\u0119 do pomocy w dziele misyjnym Ko\u015bcio\u0142a, i przeprowadzi\u0142o si\u0119 do najbardziej ze\u015bwiecczonych i zdechrystianizowanych obszar\u00f3w \u015bwiata, przygotowuj\u0105c powstanie nowych parafii misyjnych.<\/p>\n\n\n\n<p>Strona internetowa :&nbsp;<a href=\"https:\/\/neocatechumenaleiter.org\/pl\/\" target=\"_blank\" rel=\"noreferrer noopener\">https:\/\/neocatechumenaleiter.org\/pl\/<\/a><\/p>\n","protected":false},"excerpt":{"rendered":"<p>Droga Neokatechumenalna W pierwotnym Ko\u015bciele, kiedy \u015bwiat by\u0142 poga\u0144ski, ten, kto chcia\u0142 zosta\u0107 chrze\u015bcijaninem, musia\u0142 rozpocz\u0105\u0107 \u201ekatechumenat\u201d, b\u0119d\u0105cy itinerarium formacji przygotowuj\u0105cej do Chrztu. Dzi\u015b proces sekularyzacji doprowadzi\u0142 wiele os\u00f3b do&hellip;<\/p>\n","protected":false},"author":1,"featured_media":0,"parent":0,"menu_order":0,"comment_status":"closed","ping_status":"closed","template":"page-sidebar.php","meta":{"_lmt_disableupdate":"","_lmt_disable":"","footnotes":""},"class_list":["post-3798","page","type-page","status-publish","hentry"],"_links":{"self":[{"href":"https:\/\/swiety-jozef.pl\/index.php\/wp-json\/wp\/v2\/pages\/3798","targetHints":{"allow":["GET"]}}],"collection":[{"href":"https:\/\/swiety-jozef.pl\/index.php\/wp-json\/wp\/v2\/pages"}],"about":[{"href":"https:\/\/swiety-jozef.pl\/index.php\/wp-json\/wp\/v2\/types\/page"}],"author":[{"embeddable":true,"href":"https:\/\/swiety-jozef.pl\/index.php\/wp-json\/wp\/v2\/users\/1"}],"replies":[{"embeddable":true,"href":"https:\/\/swiety-jozef.pl\/index.php\/wp-json\/wp\/v2\/comments?post=3798"}],"version-history":[{"count":1,"href":"https:\/\/swiety-jozef.pl\/index.php\/wp-json\/wp\/v2\/pages\/3798\/revisions"}],"predecessor-version":[{"id":3800,"href":"https:\/\/swiety-jozef.pl\/index.php\/wp-json\/wp\/v2\/pages\/3798\/revisions\/3800"}],"wp:attachment":[{"href":"https:\/\/swiety-jozef.pl\/index.php\/wp-json\/wp\/v2\/media?parent=3798"}],"curies":[{"name":"wp","href":"https:\/\/api.w.org\/{rel}","templated":true}]}}