{"id":3794,"date":"2022-03-09T15:36:33","date_gmt":"2022-03-09T14:36:33","guid":{"rendered":"https:\/\/swiety-jozef.pl\/?page_id=3794"},"modified":"2022-12-05T14:44:11","modified_gmt":"2022-12-05T13:44:11","slug":"domowy-kosciol","status":"publish","type":"page","link":"https:\/\/swiety-jozef.pl\/index.php\/domowy-kosciol\/","title":{"rendered":"Domowy Ko\u015bci\u00f3\u0142"},"content":{"rendered":"\n<div class=\"wp-block-media-text alignwide is-stacked-on-mobile\" style=\"grid-template-columns:28% auto\"><figure class=\"wp-block-media-text__media\"><img fetchpriority=\"high\" decoding=\"async\" width=\"480\" height=\"480\" src=\"https:\/\/swiety-jozef.pl\/wp-content\/uploads\/2022\/03\/domowykosciol-1.jpg\" alt=\"\" class=\"wp-image-3795 size-full\" srcset=\"https:\/\/swiety-jozef.pl\/wp-content\/uploads\/2022\/03\/domowykosciol-1.jpg 480w, https:\/\/swiety-jozef.pl\/wp-content\/uploads\/2022\/03\/domowykosciol-1-300x300.jpg 300w, https:\/\/swiety-jozef.pl\/wp-content\/uploads\/2022\/03\/domowykosciol-1-150x150.jpg 150w\" sizes=\"(max-width: 480px) 100vw, 480px\" \/><\/figure><div class=\"wp-block-media-text__content\">\n<p><strong>Domowy Ko\u015bci\u00f3\u0142&nbsp; Ga\u0142\u0105\u017a Rodzinna Ruchu \u015awiat\u0142o \u2013 \u017bycie<\/strong><\/p>\n\n\n\n<p>Domowy Ko\u015bci\u00f3\u0142 jest ma\u0142\u017ce\u0144sko-rodzinn\u0105 wsp\u00f3lnot\u0105 \u015bwieckich w ko\u015bciele, dzia\u0142aj\u0105c\u0105 w ramach Ruchu \u015awiat\u0142o-\u017bycie. \u0141\u0105czy on w sobie charyzmaty tego ruchu z charyzmatem mi\u0119dzynarodowego ruchu ma\u0142\u017ce\u0144stw katolickich Equipes Notre-Dame (END). Za\u0142o\u017cycielem Domowego Ko\u015bcio\u0142a by\u0142 S\u0142uga Bo\u017cy ks. Franciszek Blachnicki. W rozwoju Domowego Ko\u015bcio\u0142a \u015bci\u015ble wsp\u00f3\u0142pracowa\u0142a z Za\u0142o\u017cycielem siostra Jadwiga Skudro RSCJ.<\/p>\n<\/div><\/div>\n\n\n\n<div style=\"height:20px\" aria-hidden=\"true\" class=\"wp-block-spacer\"><\/div>\n\n\n\n<p>Wsp\u00f3lnota sk\u0142ada si\u0119 z wielu Kr\u0119g\u00f3w Rodzinnych. Kr\u0105g tworzy kilka ma\u0142\u017ce\u0144stw (4-7) pragn\u0105cych wzajemnie si\u0119 wspomaga\u0107 w d\u0105\u017ceniu do budowania w swoich rodzinach \u201eDomowego Ko\u015bcio\u0142a\u201d. Za kr\u0105g odpowiada jedno z nale\u017c\u0105cych do niego ma\u0142\u017ce\u0144stw, zwane par\u0105 animatorsk\u0105. Jest ona odpowiedzialna za prac\u0119 formacyjn\u0105 kr\u0119gu, za jego wzrost duchowy, za przebieg spotka\u0144 formacyjno-modlitewnych. Kr\u0119giem opiekuje si\u0119 kap\u0142an, kt\u00f3ry s\u0142u\u017cy wsparciem i pomoc\u0105 duchow\u0105. Ma\u0142\u017ce\u0144stwa gromadz\u0105 si\u0119 w imi\u0119 Chrystusa \u2013 dla Niego i z mi\u0142o\u015bci do Niego, aby Go wsp\u00f3lnie odnajdywa\u0107 i trwa\u0107 przy Nim w swoim codziennym \u017cyciu. Kr\u0105g powinien by\u0107 urzeczywistnieniem idea\u0142u \u017cycia wsp\u00f3lnoty chrze\u015bcija\u0144skiej oraz sta\u0142ym \u017ar\u00f3d\u0142em jego odnowy w poszczeg\u00f3lnych ma\u0142\u017ce\u0144stwach.<\/p>\n\n\n\n<p>Program formacyjny DK kszta\u0142towany jest w oparciu o materia\u0142y formacyjne Ruchu \u015awiat\u0142o-\u017bycie i Equipes Notre-Dame, dokumenty Soboru Watyka\u0144skiego II i II Synodu Plenarnego oraz aktualne nauczanie ko\u015bcio\u0142a.<\/p>\n\n\n\n<p>Podstawowa praca formacyjna przebiega wed\u0142ug podr\u0119cznik\u00f3w \u201eDomowy Ko\u015bci\u00f3\u0142. I rok pracy\u201d i \u201eDomowy Ko\u015bci\u00f3\u0142. II rok pracy\u201d, z kt\u00f3rych pierwszy wprowadza stopniowo poszczeg\u00f3lne zobowi\u0105zania, drugi podaje dalsz\u0105 formacj\u0119 pog\u0142\u0119biaj\u0105c\u0105 duchowo\u015b\u0107 ma\u0142\u017ce\u0144sk\u0105. Okres ten trwa od dw\u00f3ch do czterech lat, w zale\u017cno\u015bci od rozwoju duchowego ma\u0142\u017ce\u0144stw kr\u0119gu. Po tym okresie realizowana jest dalsza formacja systematyczna poprzez ci\u0105g\u0142e pog\u0142\u0119bianie formacji podstawowej; dob\u00f3r nowych temat\u00f3w (trzecia cz\u0119\u015b\u0107 spotkania kr\u0119gu) wed\u0142ug materia\u0142\u00f3w proponowanych przez Centraln\u0105 Diakoni\u0119 DK oraz wed\u0142ug w\u0142asnego zapotrzebowania.<\/p>\n\n\n\n<p>Praca w kr\u0119gach jest pog\u0142\u0119biana poprzez rekolekcje w ci\u0105gu roku i w czasie wakacji. Rekolekcje 15-dniowe (tzw. oaza) I, II i III stopnia przeznaczone s\u0105 dla ma\u0142\u017conk\u00f3w wraz z dzie\u0107mi. Program oazy I stopnia ma charakter ewangelizacyjno-katechumenalny; omawiane s\u0105 r\u00f3wnie\u017c tematy zwi\u0105zane z duchowo\u015bci\u0105 ma\u0142\u017ce\u0144sk\u0105. Oaza II stopnia rozwija biblijne podstawy inicjacji liturgicznej; omawiane jest r\u00f3wnie\u017c prze\u017cywanie okres\u00f3w liturgicznych w rodzinie. Oaza III stopnia ma na celu ukazanie i prze\u017cycie rzeczywisto\u015bci Ko\u015bcio\u0142a jako wsp\u00f3lnoty. W ci\u0105gu roku odbywaj\u0105 si\u0119 rekolekcje 2- i 4-dniowe, zwane Oaz\u0105 Rekolekcyjn\u0105 Animator\u00f3w Rodzin (ORAR) oraz rekolekcje ewangelizacyjne (ORAR 0 stopnia). ORAR I stopnia ma na celu pog\u0142\u0119bienie zrozumienia istoty, celu, duchowo\u015bci i metody DK jako nurtu wsp\u00f3lnot rodzinnych w ramach Ruchu \u015awiat\u0142o-\u017bycie. ORAR II stopnia przygotowuje ma\u0142\u017ce\u0144stwa do \u015bwiadomego podj\u0119cia pos\u0142ugi pary animatorskiej, ukazuj\u0105c wag\u0119 i odpowiedzialno\u015b\u0107 zada\u0144 animatorskich. Dla budowania jedno\u015bci ca\u0142ego Ruchu rodziny DK uczestnicz\u0105 w dniach wsp\u00f3lnoty Ruchu \u015awiat\u0142o-\u017bycie<\/p>\n\n\n\n<p>W naszej parafii wsp\u00f3lnota Domowego Ko\u015bcio\u0142a powsta\u0142a jesieni\u0105 1986. Pierwszym moderatorem ruchu by\u0142 ksi\u0105dz Zbigniew Cieszkowski. Dzisiaj wsp\u00f3lnota to trzy kr\u0119gi (14 rodzin). W ka\u017cdy drugi pi\u0105tek miesi\u0105ca prze\u017cywamy wsp\u00f3lnotow\u0105 msz\u0119 \u015bwi\u0119t\u0105.<\/p>\n\n\n\n<p>Strony internetowe :<\/p>\n\n\n\n<p><a href=\"https:\/\/www.oaza.pl\/srodowiska\/dk\/\" target=\"_blank\" rel=\"noreferrer noopener\">Domowy Ko\u015bci\u00f3\u0142 \u2013 Centralna Diakonia<\/a><\/p>\n","protected":false},"excerpt":{"rendered":"<p>Domowy Ko\u015bci\u00f3\u0142&nbsp; Ga\u0142\u0105\u017a Rodzinna Ruchu \u015awiat\u0142o \u2013 \u017bycie Domowy Ko\u015bci\u00f3\u0142 jest ma\u0142\u017ce\u0144sko-rodzinn\u0105 wsp\u00f3lnot\u0105 \u015bwieckich w ko\u015bciele, dzia\u0142aj\u0105c\u0105 w ramach Ruchu \u015awiat\u0142o-\u017bycie. \u0141\u0105czy on w sobie charyzmaty tego ruchu z charyzmatem&hellip;<\/p>\n","protected":false},"author":1,"featured_media":0,"parent":0,"menu_order":0,"comment_status":"closed","ping_status":"closed","template":"page-sidebar.php","meta":{"_lmt_disableupdate":"","_lmt_disable":"","footnotes":""},"class_list":["post-3794","page","type-page","status-publish","hentry"],"_links":{"self":[{"href":"https:\/\/swiety-jozef.pl\/index.php\/wp-json\/wp\/v2\/pages\/3794","targetHints":{"allow":["GET"]}}],"collection":[{"href":"https:\/\/swiety-jozef.pl\/index.php\/wp-json\/wp\/v2\/pages"}],"about":[{"href":"https:\/\/swiety-jozef.pl\/index.php\/wp-json\/wp\/v2\/types\/page"}],"author":[{"embeddable":true,"href":"https:\/\/swiety-jozef.pl\/index.php\/wp-json\/wp\/v2\/users\/1"}],"replies":[{"embeddable":true,"href":"https:\/\/swiety-jozef.pl\/index.php\/wp-json\/wp\/v2\/comments?post=3794"}],"version-history":[{"count":5,"href":"https:\/\/swiety-jozef.pl\/index.php\/wp-json\/wp\/v2\/pages\/3794\/revisions"}],"predecessor-version":[{"id":6657,"href":"https:\/\/swiety-jozef.pl\/index.php\/wp-json\/wp\/v2\/pages\/3794\/revisions\/6657"}],"wp:attachment":[{"href":"https:\/\/swiety-jozef.pl\/index.php\/wp-json\/wp\/v2\/media?parent=3794"}],"curies":[{"name":"wp","href":"https:\/\/api.w.org\/{rel}","templated":true}]}}