{"id":3767,"date":"2022-03-09T00:59:53","date_gmt":"2022-03-08T23:59:53","guid":{"rendered":"https:\/\/swiety-jozef.pl\/?page_id=3767"},"modified":"2022-06-12T03:48:30","modified_gmt":"2022-06-12T01:48:30","slug":"nabozenstwa","status":"publish","type":"page","link":"https:\/\/swiety-jozef.pl\/index.php\/nabozenstwa\/","title":{"rendered":"Nabo\u017ce\u0144stwa"},"content":{"rendered":"\n<figure class=\"wp-block-image alignwide size-full is-style-default\"><img fetchpriority=\"high\" decoding=\"async\" width=\"700\" height=\"466\" src=\"https:\/\/swiety-jozef.pl\/wp-content\/uploads\/2022\/03\/nabozenstwa1.png\" alt=\"\" class=\"wp-image-3864\" srcset=\"https:\/\/swiety-jozef.pl\/wp-content\/uploads\/2022\/03\/nabozenstwa1.png 700w, https:\/\/swiety-jozef.pl\/wp-content\/uploads\/2022\/03\/nabozenstwa1-300x200.png 300w, https:\/\/swiety-jozef.pl\/wp-content\/uploads\/2022\/03\/nabozenstwa1-585x389.png 585w, https:\/\/swiety-jozef.pl\/wp-content\/uploads\/2022\/03\/nabozenstwa1-263x175.png 263w\" sizes=\"(max-width: 700px) 100vw, 700px\" \/><\/figure>\n\n\n\n<div style=\"height:15px\" aria-hidden=\"true\" class=\"wp-block-spacer\"><\/div>\n\n\n\n<h4 class=\"wp-block-heading\">Nabo\u017ce\u0144stwa<\/h4>\n\n\n\n<div style=\"height:20px\" aria-hidden=\"true\" class=\"wp-block-spacer\"><\/div>\n\n\n\n<p><strong>W ka\u017cdy pi\u0105tek Wielkiego Postu: Nabo\u017ce\u0144stwo Drogi Krzy\u017cowej<\/strong><\/p>\n\n\n\n<ul class=\"wp-block-list\"><li><strong>o godz. 16.30<\/strong>&nbsp;\u2013 Droga Krzy\u017cowa wok\u00f3\u0142 ko\u015bcio\u0142a dla dzieci szk\u00f3\u0142 podstawowych, na zako\u0144czenie Komunia \u015bw.<\/li><li><strong>o godz. 17.30<\/strong>&nbsp;\u2013 Droga Krzy\u017cowa dla starszych i po niej bezpo\u015brednio Msza \u015bw.<\/li><li><strong>o godz. 18.30<\/strong>&nbsp;\u2013 Droga Krzy\u017cowa dla m\u0142odzie\u017c jako duchowe przygotowanie do Sakramentu Bierzmowania, oraz m\u0142odzie\u017cy szko\u0142y \u015bredniej, student\u00f3w i doros\u0142ych<\/li><\/ul>\n\n\n\n<p><strong>Gorzkie \u017bale<\/strong><\/p>\n\n\n\n<p>Nabo\u017ce\u0144stwo pasyjne Gorzkich \u017bali z kazaniem o Mece Pa\u0144skiej w ka\u017cd\u0105 niedziel\u0119 Wielkiego Postu&nbsp;<strong>o godz. 17:30<\/strong><\/p>\n\n\n\n<div style=\"height:20px\" aria-hidden=\"true\" class=\"wp-block-spacer\"><\/div>\n\n\n\n<p><strong>Przez ca\u0142y miesi\u0105c Maj<\/strong> &#8211; Nabo\u017ce\u0144stwa Majowe <\/p>\n\n\n\n<ul class=\"wp-block-list\"><li>w dni powszednie <strong>o godz. 17:30<\/strong> <\/li><li>w niedziele <strong>o godz. 18:00<\/strong><\/li><\/ul>\n\n\n\n<div style=\"height:20px\" aria-hidden=\"true\" class=\"wp-block-spacer\"><\/div>\n\n\n\n<p><\/p>\n\n\n\n<p><strong>Przez ca\u0142y miesi\u0105c Czerwiec<\/strong> &#8211; Nabo\u017ce\u0144stwa Czerwcowe <\/p>\n\n\n\n<ul class=\"wp-block-list\"><li>w dni powszednie <strong>o godz. 17:30 <\/strong><\/li><li>w niedziele <strong>o godz. 18:00<\/strong><\/li><\/ul>\n\n\n\n<div style=\"height:20px\" aria-hidden=\"true\" class=\"wp-block-spacer\"><\/div>\n\n\n\n<p>P<strong>rzez ca\u0142y miesi\u0105c Pa\u017adziernik<\/strong> &#8211; Nabo\u017ce\u0144stwo r\u00f3\u017ca\u0144cowe <\/p>\n\n\n\n<ul class=\"wp-block-list\"><li>w dni powszednie  <strong>dla dzieci o godz. 17:00<\/strong>, <\/li><li>R\u00f3\u017caniec dla starszych <strong>o godz. 17:30<\/strong>. <\/li><li>W niedziele R\u00f3\u017caniec <strong>o godz. 18:00<\/strong><\/li><\/ul>\n\n\n\n<div style=\"height:20px\" aria-hidden=\"true\" class=\"wp-block-spacer\"><\/div>\n\n\n\n<p><strong>Przez ca\u0142y miesi\u0105c Listopad<\/strong> &#8211; Wypominki za zmar\u0142ych <\/p>\n\n\n\n<ul class=\"wp-block-list\"><li>w dni powszednie <strong>o godz. 17:30<\/strong> <\/li><li>w niedziel\u0119 <strong>o godz. 18:00<\/strong><\/li><\/ul>\n\n\n\n<div style=\"height:20px\" aria-hidden=\"true\" class=\"wp-block-spacer\"><\/div>\n\n\n\n<p><\/p>\n\n\n\n<p><strong>W \u015brod\u0119 o godz. 18:00: <\/strong><\/p>\n\n\n\n<ul class=\"wp-block-list\"><li>zapraszamy na Nowenn\u0119 do MB Nieustaj\u0105cej Pomocy<\/li><\/ul>\n\n\n\n<p><strong>W pierwszy czwartek miesi\u0105ca: <\/strong><\/p>\n\n\n\n<ul class=\"wp-block-list\"><li>Nabo\u017ce\u0144stwo pierwszych czwartk\u00f3w miesi\u0105ca<\/li><\/ul>\n\n\n\n<p><strong>W pierwszy pi\u0105tek miesi\u0105ca:<\/strong> <\/p>\n\n\n\n<ul class=\"wp-block-list\"><li>Nabo\u017ce\u0144stwo pierwszych pi\u0105tk\u00f3w miesi\u0105ca<\/li><\/ul>\n\n\n\n<p><strong>W pierwsz\u0105 sobot\u0119<\/strong> <strong>miesi\u0105ca:<\/strong><\/p>\n\n\n\n<ul class=\"wp-block-list\"><li>W pierwsz\u0105 sobot\u0119 miesi\u0105ca zapraszamy na Nabo\u017ce\u0144stwo Pierwszych Sob\u00f3t. Rozpoczynamy wystawieniem Naj\u015bwi\u0119tszego Sakramentu <strong>o godz. 17:00 <\/strong>i odm\u00f3wieniu cz\u0119\u015bci R\u00f3\u017ca\u0144ca<strong> <\/strong>\u015bwi\u0119tego.<strong> <\/strong>\u00a0<strong>O godz. 18:00 <\/strong>Msza \u015awi\u0119ta. Po Mszy \u015awi\u0119tej cz\u0119\u015b\u0107 R\u00f3\u017ca\u0144ca \u015awi\u0119tego i procesja \u015bwiat\u0142a.<\/li><\/ul>\n\n\n\n<p><\/p>\n\n\n\n<div style=\"height:51px\" aria-hidden=\"true\" class=\"wp-block-spacer\"><\/div>\n","protected":false},"excerpt":{"rendered":"<p>Nabo\u017ce\u0144stwa W ka\u017cdy pi\u0105tek Wielkiego Postu: Nabo\u017ce\u0144stwo Drogi Krzy\u017cowej o godz. 16.30&nbsp;\u2013 Droga Krzy\u017cowa wok\u00f3\u0142 ko\u015bcio\u0142a dla dzieci szk\u00f3\u0142 podstawowych, na zako\u0144czenie Komunia \u015bw. o godz. 17.30&nbsp;\u2013 Droga Krzy\u017cowa dla&hellip;<\/p>\n","protected":false},"author":1,"featured_media":0,"parent":0,"menu_order":0,"comment_status":"closed","ping_status":"closed","template":"page-sidebar.php","meta":{"_lmt_disableupdate":"","_lmt_disable":"","footnotes":""},"class_list":["post-3767","page","type-page","status-publish","hentry"],"_links":{"self":[{"href":"https:\/\/swiety-jozef.pl\/index.php\/wp-json\/wp\/v2\/pages\/3767","targetHints":{"allow":["GET"]}}],"collection":[{"href":"https:\/\/swiety-jozef.pl\/index.php\/wp-json\/wp\/v2\/pages"}],"about":[{"href":"https:\/\/swiety-jozef.pl\/index.php\/wp-json\/wp\/v2\/types\/page"}],"author":[{"embeddable":true,"href":"https:\/\/swiety-jozef.pl\/index.php\/wp-json\/wp\/v2\/users\/1"}],"replies":[{"embeddable":true,"href":"https:\/\/swiety-jozef.pl\/index.php\/wp-json\/wp\/v2\/comments?post=3767"}],"version-history":[{"count":35,"href":"https:\/\/swiety-jozef.pl\/index.php\/wp-json\/wp\/v2\/pages\/3767\/revisions"}],"predecessor-version":[{"id":6007,"href":"https:\/\/swiety-jozef.pl\/index.php\/wp-json\/wp\/v2\/pages\/3767\/revisions\/6007"}],"wp:attachment":[{"href":"https:\/\/swiety-jozef.pl\/index.php\/wp-json\/wp\/v2\/media?parent=3767"}],"curies":[{"name":"wp","href":"https:\/\/api.w.org\/{rel}","templated":true}]}}