{"id":3765,"date":"2022-03-09T00:59:12","date_gmt":"2022-03-08T23:59:12","guid":{"rendered":"https:\/\/swiety-jozef.pl\/?page_id=3765"},"modified":"2022-10-21T02:29:14","modified_gmt":"2022-10-21T00:29:14","slug":"spowiedz-swieta","status":"publish","type":"page","link":"https:\/\/swiety-jozef.pl\/index.php\/spowiedz-swieta\/","title":{"rendered":"Spowied\u017a \u015awi\u0119ta"},"content":{"rendered":"\n<figure class=\"wp-block-image size-full is-style-default\"><img fetchpriority=\"high\" decoding=\"async\" width=\"800\" height=\"545\" src=\"https:\/\/swiety-jozef.pl\/wp-content\/uploads\/2022\/03\/konfesjonal-1.jpg\" alt=\"\" class=\"wp-image-4695\" srcset=\"https:\/\/swiety-jozef.pl\/wp-content\/uploads\/2022\/03\/konfesjonal-1.jpg 800w, https:\/\/swiety-jozef.pl\/wp-content\/uploads\/2022\/03\/konfesjonal-1-300x204.jpg 300w, https:\/\/swiety-jozef.pl\/wp-content\/uploads\/2022\/03\/konfesjonal-1-768x523.jpg 768w, https:\/\/swiety-jozef.pl\/wp-content\/uploads\/2022\/03\/konfesjonal-1-585x399.jpg 585w\" sizes=\"(max-width: 800px) 100vw, 800px\" \/><\/figure>\n\n\n\n<div style=\"height:30px\" aria-hidden=\"true\" class=\"wp-block-spacer\"><\/div>\n\n\n\n<h4 class=\"wp-block-heading\">Sakrament Pokuty<\/h4>\n\n\n\n<div style=\"height:30px\" aria-hidden=\"true\" class=\"wp-block-spacer\"><\/div>\n\n\n\n<p><strong>Spowied\u017a \u015bw. <\/strong>w parafii 30 minut przed Msz\u0105 \u015awi\u0119t\u0105<br><strong>W pierwszy pi\u0105tek<\/strong> miesi\u0105ca od 15:00 do 18:00<\/p>\n\n\n\n<div style=\"height:25px\" aria-hidden=\"true\" class=\"wp-block-spacer\"><\/div>\n\n\n\n<figure class=\"wp-block-embed alignright is-type-video is-provider-youtube wp-block-embed-youtube wp-embed-aspect-16-9 wp-has-aspect-ratio\"><div class=\"wp-block-embed__wrapper\">\n<iframe title=\"Sakrament pojednania - film instrukta\u017cowy\" width=\"1170\" height=\"658\" src=\"https:\/\/www.youtube.com\/embed\/EkNQVVlhI9E?feature=oembed\" frameborder=\"0\" allow=\"accelerometer; autoplay; clipboard-write; encrypted-media; gyroscope; picture-in-picture\" allowfullscreen><\/iframe>\n<\/div><\/figure>\n\n\n\n<h5 class=\"wp-block-heading\">Pi\u0119\u0107 warunk\u00f3w Sakramentu Pokuty i Pojednania<\/h5>\n\n\n\n<ol class=\"wp-block-list\"><li>Rachunek sumienia.<\/li><li>\u017bal za grzechy.<\/li><li>Postanowienie poprawy.<\/li><li>Szczera spowied\u017a.<\/li><li>Zado\u015b\u0107uczynienie Bogu i bli\u017anim.<\/li><\/ol>\n\n\n\n<div style=\"height:25px\" aria-hidden=\"true\" class=\"wp-block-spacer\"><\/div>\n\n\n\n<figure class=\"wp-block-embed is-type-video is-provider-youtube wp-block-embed-youtube wp-embed-aspect-16-9 wp-has-aspect-ratio\"><div class=\"wp-block-embed__wrapper\">\n<iframe title=\"MARZEC: SAKRAMENT POJEDNANIA\" width=\"1170\" height=\"658\" src=\"https:\/\/www.youtube.com\/embed\/RnBIRCotaEQ?feature=oembed\" frameborder=\"0\" allow=\"accelerometer; autoplay; clipboard-write; encrypted-media; gyroscope; picture-in-picture\" allowfullscreen><\/iframe>\n<\/div><\/figure>\n\n\n\n<p><\/p>\n\n\n\n<div style=\"height:31px\" aria-hidden=\"true\" class=\"wp-block-spacer\"><\/div>\n","protected":false},"excerpt":{"rendered":"<p>Sakrament Pokuty Spowied\u017a \u015bw. w parafii 30 minut przed Msz\u0105 \u015awi\u0119t\u0105W pierwszy pi\u0105tek miesi\u0105ca od 15:00 do 18:00 Pi\u0119\u0107 warunk\u00f3w Sakramentu Pokuty i Pojednania Rachunek sumienia. \u017bal za grzechy. Postanowienie&hellip;<\/p>\n","protected":false},"author":1,"featured_media":0,"parent":0,"menu_order":0,"comment_status":"closed","ping_status":"closed","template":"page-sidebar.php","meta":{"_lmt_disableupdate":"","_lmt_disable":"","footnotes":""},"class_list":["post-3765","page","type-page","status-publish","hentry"],"_links":{"self":[{"href":"https:\/\/swiety-jozef.pl\/index.php\/wp-json\/wp\/v2\/pages\/3765","targetHints":{"allow":["GET"]}}],"collection":[{"href":"https:\/\/swiety-jozef.pl\/index.php\/wp-json\/wp\/v2\/pages"}],"about":[{"href":"https:\/\/swiety-jozef.pl\/index.php\/wp-json\/wp\/v2\/types\/page"}],"author":[{"embeddable":true,"href":"https:\/\/swiety-jozef.pl\/index.php\/wp-json\/wp\/v2\/users\/1"}],"replies":[{"embeddable":true,"href":"https:\/\/swiety-jozef.pl\/index.php\/wp-json\/wp\/v2\/comments?post=3765"}],"version-history":[{"count":24,"href":"https:\/\/swiety-jozef.pl\/index.php\/wp-json\/wp\/v2\/pages\/3765\/revisions"}],"predecessor-version":[{"id":6472,"href":"https:\/\/swiety-jozef.pl\/index.php\/wp-json\/wp\/v2\/pages\/3765\/revisions\/6472"}],"wp:attachment":[{"href":"https:\/\/swiety-jozef.pl\/index.php\/wp-json\/wp\/v2\/media?parent=3765"}],"curies":[{"name":"wp","href":"https:\/\/api.w.org\/{rel}","templated":true}]}}