{"id":3761,"date":"2022-03-09T00:57:05","date_gmt":"2022-03-08T23:57:05","guid":{"rendered":"https:\/\/swiety-jozef.pl\/?page_id=3761"},"modified":"2022-12-23T07:19:39","modified_gmt":"2022-12-23T06:19:39","slug":"poradnia-zycia-rodzinnego","status":"publish","type":"page","link":"https:\/\/swiety-jozef.pl\/index.php\/poradnia-zycia-rodzinnego\/","title":{"rendered":"Poradnia \u017bycia Rodzinnego"},"content":{"rendered":"\n<figure class=\"wp-block-image size-full is-style-default\"><img fetchpriority=\"high\" decoding=\"async\" width=\"700\" height=\"466\" src=\"https:\/\/swiety-jozef.pl\/wp-content\/uploads\/2022\/03\/poradniaro.jpg\" alt=\"\" class=\"wp-image-3775\" srcset=\"https:\/\/swiety-jozef.pl\/wp-content\/uploads\/2022\/03\/poradniaro.jpg 700w, https:\/\/swiety-jozef.pl\/wp-content\/uploads\/2022\/03\/poradniaro-300x200.jpg 300w, https:\/\/swiety-jozef.pl\/wp-content\/uploads\/2022\/03\/poradniaro-585x389.jpg 585w, https:\/\/swiety-jozef.pl\/wp-content\/uploads\/2022\/03\/poradniaro-263x175.jpg 263w\" sizes=\"(max-width: 700px) 100vw, 700px\" \/><\/figure>\n\n\n\n<div style=\"height:20px\" aria-hidden=\"true\" class=\"wp-block-spacer\"><\/div>\n\n\n\n<h4 class=\"wp-block-heading\">Poradnia \u017bycia Rodzinnego<\/h4>\n\n\n\n<div style=\"height:30px\" aria-hidden=\"true\" class=\"wp-block-spacer\"><\/div>\n\n\n\n<p style=\"font-size:17px\">Prowadz\u0105ca: p. Alina Chojnowska<\/p>\n\n\n\n<p style=\"font-size:17px\">Kontakt: tel. 536 273 112<br>Do poradni nale\u017cy si\u0119 zg\u0142osi\u0107 po uprzednim kontakcie telefonicznym.<\/p>\n\n\n\n<p><\/p>\n\n\n\n<p><\/p>\n\n\n\n<div style=\"height:90px\" aria-hidden=\"true\" class=\"wp-block-spacer\"><\/div>\n","protected":false},"excerpt":{"rendered":"<p>Poradnia \u017bycia Rodzinnego Prowadz\u0105ca: p. Alina Chojnowska Kontakt: tel. 536 273 112Do poradni nale\u017cy si\u0119 zg\u0142osi\u0107 po uprzednim kontakcie telefonicznym.<\/p>\n","protected":false},"author":1,"featured_media":0,"parent":0,"menu_order":0,"comment_status":"closed","ping_status":"closed","template":"page-sidebar.php","meta":{"_lmt_disableupdate":"","_lmt_disable":"","footnotes":""},"class_list":["post-3761","page","type-page","status-publish","hentry"],"_links":{"self":[{"href":"https:\/\/swiety-jozef.pl\/index.php\/wp-json\/wp\/v2\/pages\/3761","targetHints":{"allow":["GET"]}}],"collection":[{"href":"https:\/\/swiety-jozef.pl\/index.php\/wp-json\/wp\/v2\/pages"}],"about":[{"href":"https:\/\/swiety-jozef.pl\/index.php\/wp-json\/wp\/v2\/types\/page"}],"author":[{"embeddable":true,"href":"https:\/\/swiety-jozef.pl\/index.php\/wp-json\/wp\/v2\/users\/1"}],"replies":[{"embeddable":true,"href":"https:\/\/swiety-jozef.pl\/index.php\/wp-json\/wp\/v2\/comments?post=3761"}],"version-history":[{"count":10,"href":"https:\/\/swiety-jozef.pl\/index.php\/wp-json\/wp\/v2\/pages\/3761\/revisions"}],"predecessor-version":[{"id":6860,"href":"https:\/\/swiety-jozef.pl\/index.php\/wp-json\/wp\/v2\/pages\/3761\/revisions\/6860"}],"wp:attachment":[{"href":"https:\/\/swiety-jozef.pl\/index.php\/wp-json\/wp\/v2\/media?parent=3761"}],"curies":[{"name":"wp","href":"https:\/\/api.w.org\/{rel}","templated":true}]}}