{"id":3758,"date":"2022-03-09T00:54:09","date_gmt":"2022-03-08T23:54:09","guid":{"rendered":"https:\/\/swiety-jozef.pl\/?page_id=3758"},"modified":"2022-12-18T14:12:12","modified_gmt":"2022-12-18T13:12:12","slug":"numer-konta-bankowego","status":"publish","type":"page","link":"https:\/\/swiety-jozef.pl\/index.php\/numer-konta-bankowego\/","title":{"rendered":"Numer Konta Bankowego"},"content":{"rendered":"\n<h4 class=\"wp-block-heading\">Numer konta bankowego Parafii<\/h4>\n\n\n\n<p>W zwi\u0105zku z zapytaniami kierowanymi drog\u0105 telefoniczn\u0105, dla wszystkich zainteresowanych Os\u00f3b, kt\u00f3re chc\u0105 z\u0142o\u017cy\u0107 ofiar\u0119 przelewem na konto parafii podaj\u0119 numer konta bankowego parafii i dane potrzebne do przelewu:<\/p>\n\n\n\n<p class=\"has-medium-font-size\"><strong>58 9673 0007 0000 0300 4864 0001<\/strong> \u2013 Bank Sp\u00f3\u0142dzielczy w Ko\u017cuchowie<\/p>\n\n\n\n<p>Parafia pw. \u015bw. J\u00f3zefa Rzemie\u015blnika<br>Kard. St. Wyszy\u0144skiego 1, Nowa S\u00f3l<\/p>\n\n\n\n<p class=\"has-text-align-right\"><br>Za wszystkie ofiary serdeczne B\u00f3g zap\u0142a\u0107.<br>Ks. Proboszcz<br>Krzysztof Kocz<\/p>\n","protected":false},"excerpt":{"rendered":"<p>Numer konta bankowego Parafii W zwi\u0105zku z zapytaniami kierowanymi drog\u0105 telefoniczn\u0105, dla wszystkich zainteresowanych Os\u00f3b, kt\u00f3re chc\u0105 z\u0142o\u017cy\u0107 ofiar\u0119 przelewem na konto parafii podaj\u0119 numer konta bankowego parafii i dane&hellip;<\/p>\n","protected":false},"author":1,"featured_media":0,"parent":0,"menu_order":0,"comment_status":"closed","ping_status":"closed","template":"page-sidebar.php","meta":{"_lmt_disableupdate":"","_lmt_disable":"","footnotes":""},"class_list":["post-3758","page","type-page","status-publish","hentry"],"_links":{"self":[{"href":"https:\/\/swiety-jozef.pl\/index.php\/wp-json\/wp\/v2\/pages\/3758","targetHints":{"allow":["GET"]}}],"collection":[{"href":"https:\/\/swiety-jozef.pl\/index.php\/wp-json\/wp\/v2\/pages"}],"about":[{"href":"https:\/\/swiety-jozef.pl\/index.php\/wp-json\/wp\/v2\/types\/page"}],"author":[{"embeddable":true,"href":"https:\/\/swiety-jozef.pl\/index.php\/wp-json\/wp\/v2\/users\/1"}],"replies":[{"embeddable":true,"href":"https:\/\/swiety-jozef.pl\/index.php\/wp-json\/wp\/v2\/comments?post=3758"}],"version-history":[{"count":5,"href":"https:\/\/swiety-jozef.pl\/index.php\/wp-json\/wp\/v2\/pages\/3758\/revisions"}],"predecessor-version":[{"id":6849,"href":"https:\/\/swiety-jozef.pl\/index.php\/wp-json\/wp\/v2\/pages\/3758\/revisions\/6849"}],"wp:attachment":[{"href":"https:\/\/swiety-jozef.pl\/index.php\/wp-json\/wp\/v2\/media?parent=3758"}],"curies":[{"name":"wp","href":"https:\/\/api.w.org\/{rel}","templated":true}]}}