{"id":3754,"date":"2022-03-09T00:50:10","date_gmt":"2022-03-08T23:50:10","guid":{"rendered":"https:\/\/swiety-jozef.pl\/?page_id=3754"},"modified":"2026-01-31T20:44:23","modified_gmt":"2026-01-31T19:44:23","slug":"kancelaria-parafialna","status":"publish","type":"page","link":"https:\/\/swiety-jozef.pl\/index.php\/kancelaria-parafialna\/","title":{"rendered":"Kancelaria Parafialna"},"content":{"rendered":"\n<figure class=\"wp-block-image size-full is-style-default\"><img fetchpriority=\"high\" decoding=\"async\" width=\"960\" height=\"640\" src=\"https:\/\/swiety-jozef.pl\/wp-content\/uploads\/2022\/03\/kancelaria-1-1.jpg\" alt=\"\" class=\"wp-image-3755\" srcset=\"https:\/\/swiety-jozef.pl\/wp-content\/uploads\/2022\/03\/kancelaria-1-1.jpg 960w, https:\/\/swiety-jozef.pl\/wp-content\/uploads\/2022\/03\/kancelaria-1-1-300x200.jpg 300w, https:\/\/swiety-jozef.pl\/wp-content\/uploads\/2022\/03\/kancelaria-1-1-768x512.jpg 768w, https:\/\/swiety-jozef.pl\/wp-content\/uploads\/2022\/03\/kancelaria-1-1-585x390.jpg 585w, https:\/\/swiety-jozef.pl\/wp-content\/uploads\/2022\/03\/kancelaria-1-1-263x175.jpg 263w\" sizes=\"(max-width: 960px) 100vw, 960px\" \/><\/figure>\n\n\n\n<div style=\"height:20px\" aria-hidden=\"true\" class=\"wp-block-spacer\"><\/div>\n\n\n\n<h4 class=\"wp-block-heading\">Kancelaria Parafialna<\/h4>\n\n\n\n<div style=\"height:31px\" aria-hidden=\"true\" class=\"wp-block-spacer\"><\/div>\n\n\n\n<h4 class=\"wp-block-heading\">G<strong>odziny otwarcia:<\/strong><\/h4>\n\n\n\n<p>Poniedzia\u0142ek: 17.00 \u2013 18.00<br>Sobota: 17.00 \u2013 18.00<\/p>\n\n\n\n<p><strong>Rachunek bankowy<\/strong>&nbsp;parafii:&nbsp;<strong>58 9673 0007 0000 0300 4864 0001<\/strong>&nbsp;\u2013&nbsp;Bank Sp\u00f3\u0142dzielczy w Ko\u017cuchowie<\/p>\n\n\n\n<div style=\"height:30px\" aria-hidden=\"true\" class=\"wp-block-spacer\"><\/div>\n\n\n\n<h4 class=\"wp-block-heading\"><strong>Wykaz dokument\u00f3w potrzebnych do sakrament\u00f3w \u015bwi\u0119tych i pogrzebu katolickiego:<\/strong><\/h4>\n\n\n\n<div style=\"height:15px\" aria-hidden=\"true\" class=\"wp-block-spacer\"><\/div>\n\n\n\n<h4 class=\"wp-block-heading\"><strong>Sakrament chrztu \u015bwi\u0119tego:<\/strong><\/h4>\n\n\n\n<p>Aby sporz\u0105dzi\u0107 akt chrztu \u015bwi\u0119tego dziecka, nale\u017cy przynie\u015b\u0107 do kancelarii nast\u0119puj\u0105ce dokumenty:<\/p>\n\n\n\n<ul class=\"wp-block-list\">\n<li>akt urodzenia dziecka z Urz\u0119du Stanu Cywilnego<\/li>\n\n\n\n<li>\u015bwiadectwo \u015blubu ko\u015bcielnego rodzic\u00f3w<\/li>\n\n\n\n<li>za\u015bwiadczenie z parafii zamieszkania rodzic\u00f3w chrzestnych o chrze\u015bcija\u0144skim praktykowaniu wiary<\/li>\n<\/ul>\n\n\n\n<h4 class=\"wp-block-heading\"><strong>Sakrament ma\u0142\u017ce\u0144stwa:<\/strong><\/h4>\n\n\n\n<p>Aby sporz\u0105dzi\u0107 akt ma\u0142\u017ce\u0144stwa oraz godnie przyj\u0105\u0107 ten sakrament nale\u017cy przynie\u015b\u0107 do kancelarii nast\u0119puj\u0105ce dokumenty:<\/p>\n\n\n\n<ul class=\"wp-block-list\">\n<li>pe\u0142ne \u015bwiadectwa chrztu \u015bwi\u0119tego (do \u015blubu) \u2013 nie starsze ni\u017c 3 miesi\u0105ce,<\/li>\n\n\n\n<li>dowody osobiste,<\/li>\n\n\n\n<li>\u015bwiadectwa z katechizacji \u2013 ostatniej klasy ponadpodstawowej + za\u015bwiadczenie,<\/li>\n\n\n\n<li>za\u015bwiadczenie o uczestnictwie w katechezie przedma\u0142\u017ce\u0144skiej,<\/li>\n\n\n\n<li>przypomnienie daty I Komunii \u015bw.<\/li>\n\n\n\n<li>za\u015bwiadczenie z Urz\u0119du Stanu Cywilnego (niezb\u0119dne je\u015bli narzeczeni chc\u0105, aby \u015blub ko\u015bcielny poci\u0105ga\u0142 za sob\u0105 tak\u017ce skutki cywilnoprawne, tzw. \u015blub konkordatowy) lub akt \u015blubu je\u015bli wcze\u015bniej zawarty by\u0142 kontrakt cywilny.<\/li>\n<\/ul>\n\n\n\n<ul class=\"wp-block-list\">\n<li>Oprawa muzyczna liturgii \u2013 organista z parafii.<\/li>\n\n\n\n<li>Dekoracja ko\u015bcio\u0142a na uroczysto\u015b\u0107 sakramentu ma\u0142\u017ce\u0144stwa \u2013 dekoratorka z parafii.<\/li>\n<\/ul>\n\n\n\n<div style=\"height:25px\" aria-hidden=\"true\" class=\"wp-block-spacer\"><\/div>\n\n\n\n<h4 class=\"wp-block-heading\"><strong>Sakrament namaszczenia chorych:<\/strong><\/h4>\n\n\n\n<p>Sakramentu Namaszczenia Chorych udziela si\u0119 tym, kt\u00f3rych \u017cycie jest zagro\u017cone z powodu choroby lub podesz\u0142ego wieku, a tak\u017ce chorym kt\u00f3rzy stracili przytomno\u015b\u0107 lub u\u017cywanie rozumu \u2013 je\u015bli istnieje prawdopodobie\u0144stwo, \u017ce jako wierz\u0105cy o to by prosili.<br>Przed przybyciem kap\u0142ana w domu chorego nale\u017cy przygotowa\u0107 odpowiednie i godne miejsce do sprawowania Sakramentu Namaszczenia Chorych: przygotowa\u0107 Krzy\u017c, \u015bwiece, bia\u0142y obrus.<br>Chorego namaszcza si\u0119 na czole i r\u0119kach.<br>W naszej parafii ksi\u0119\u017ca odwiedzaj\u0105 chorych zawsze na \u017cyczenie rodziny.<\/p>\n\n\n\n<h4 class=\"wp-block-heading\"><strong>Pogrzeb katolicki:<\/strong><\/h4>\n\n\n\n<p>Aby odprawi\u0107 pogrzeb katolicki, nale\u017cy przynie\u015b\u0107 do kancelarii nast\u0119puj\u0105ce dokumenty:<\/p>\n\n\n\n<ul class=\"wp-block-list\">\n<li>akt zgonu,<\/li>\n\n\n\n<li>za\u015bwiadczenie o udzieleniu Sakramentu Chorych, Wiatyku i Komunii \u015awi\u0119tej (je\u015bli zgon nast\u0105pi\u0142 poza parafi\u0105 lub w szpitalu \u2013 wystawia je kapelan szpitala).<\/li>\n<\/ul>\n\n\n\n<p>Je\u017celi zmar\u0142y nie pochodzi z naszej parafii, nale\u017cy przedstawi\u0107 w kancelarii parafialnej zgod\u0119 na odprawienie pogrzebu poza parafi\u0105 rodzinn\u0105 (od duszpasterza z parafii zmar\u0142ego).<\/p>\n\n\n\n<h4 class=\"wp-block-heading\"><strong>W sprawie pogrzebu prosz\u0119 zg\u0142asza\u0107 si\u0119 do ksi\u0119dza o ka\u017cdej porze dnia.<\/strong><\/h4>\n","protected":false},"excerpt":{"rendered":"<p>Kancelaria Parafialna Godziny otwarcia: Poniedzia\u0142ek: 17.00 \u2013 18.00Sobota: 17.00 \u2013 18.00 Rachunek bankowy&nbsp;parafii:&nbsp;58 9673 0007 0000 0300 4864 0001&nbsp;\u2013&nbsp;Bank Sp\u00f3\u0142dzielczy w Ko\u017cuchowie Wykaz dokument\u00f3w potrzebnych do sakrament\u00f3w \u015bwi\u0119tych i pogrzebu&hellip;<\/p>\n","protected":false},"author":1,"featured_media":0,"parent":0,"menu_order":0,"comment_status":"closed","ping_status":"closed","template":"page-sidebar.php","meta":{"_lmt_disableupdate":"","_lmt_disable":"","footnotes":""},"class_list":["post-3754","page","type-page","status-publish","hentry"],"_links":{"self":[{"href":"https:\/\/swiety-jozef.pl\/index.php\/wp-json\/wp\/v2\/pages\/3754","targetHints":{"allow":["GET"]}}],"collection":[{"href":"https:\/\/swiety-jozef.pl\/index.php\/wp-json\/wp\/v2\/pages"}],"about":[{"href":"https:\/\/swiety-jozef.pl\/index.php\/wp-json\/wp\/v2\/types\/page"}],"author":[{"embeddable":true,"href":"https:\/\/swiety-jozef.pl\/index.php\/wp-json\/wp\/v2\/users\/1"}],"replies":[{"embeddable":true,"href":"https:\/\/swiety-jozef.pl\/index.php\/wp-json\/wp\/v2\/comments?post=3754"}],"version-history":[{"count":15,"href":"https:\/\/swiety-jozef.pl\/index.php\/wp-json\/wp\/v2\/pages\/3754\/revisions"}],"predecessor-version":[{"id":9055,"href":"https:\/\/swiety-jozef.pl\/index.php\/wp-json\/wp\/v2\/pages\/3754\/revisions\/9055"}],"wp:attachment":[{"href":"https:\/\/swiety-jozef.pl\/index.php\/wp-json\/wp\/v2\/media?parent=3754"}],"curies":[{"name":"wp","href":"https:\/\/api.w.org\/{rel}","templated":true}]}}