{"id":3725,"date":"2022-03-09T00:12:18","date_gmt":"2022-03-08T23:12:18","guid":{"rendered":"https:\/\/swiety-jozef.pl\/?page_id=3725"},"modified":"2023-02-06T04:31:23","modified_gmt":"2023-02-06T03:31:23","slug":"informacje-o-parafii","status":"publish","type":"page","link":"https:\/\/swiety-jozef.pl\/index.php\/informacje-o-parafii\/","title":{"rendered":"Informacje o Parafii"},"content":{"rendered":"\n<h4 class=\"wp-block-heading\">Informacje o Parafii<\/h4>\n\n\n\n<p>Liczba wiernych: 13200<br>Erygowana: 16 grudnia 1984 r.<br>Odpust: 1 maja<\/p>\n\n\n\n<h4 class=\"wp-block-heading\">Historia<\/h4>\n\n\n\n<p>Parafia powsta\u0142a z podzia\u0142u parafii pw. \u015bw. Micha\u0142a Arch. w Nowej Soli. Pocz\u0105tkowo wierni gromadzili si\u0119 na liturgii w ma\u0142ej kaplicy mieszcz\u0105cej si\u0119 w domu katechetycznym. Od grudnia 1983 r. rozpocz\u0119to organizowa\u0107 ju\u017c samodzielne duszpasterstwo, w \u015bcis\u0142ej jednak wsp\u00f3\u0142pracy z parafi\u0105 pw. \u015bw.&nbsp;Micha\u0142a Archanio\u0142a.<\/p>\n\n\n\n<p>Nowoczesny, bud. w latach 1986-94, po\u015bw. 11 listopada 1993 r. przez bp. Adama Dyczkowskiego.<\/p>\n\n\n\n<p>NOWA S\u00d3L \u2013 kaplica szpitalna pw. MB Cz\u0119stochowskiej, ul. Cha\u0142ubi\u0144skiego 7 (7.00)<br>NOWA S\u00d3L \u2013 kaplica zakonna el\u017cbietanek pw. \u015bw. J\u00f3zefa Oblubie\u0144ca<br>NOWA S\u00d3L \u2013 kaplica zakonna Si\u00f3str S\u0142ug Jezusa pw. b\u0142. Honorata Ko\u017ami\u0144skiego<\/p>\n\n\n\n<h4 class=\"wp-block-heading\">Zgromadzenia zakonne<\/h4>\n\n\n\n<p>Zgromadzenie Si\u00f3str \u015bw. El\u017cbiety \u2013 el\u017cbietanki<br>ul. Rydla 3, 67-100 Nowa S\u00f3l, tel. 68-387-27-81<\/p>\n\n\n\n<p>Zgromadzenie Si\u00f3str S\u0142ug Jezusa (niehabitowe)<br>ul. Matejki 10, 67-100 Nowa S\u00f3l, tel. 68-387-72-15<\/p>\n\n\n\n<h4 class=\"wp-block-heading\">Terytorium parafii<\/h4>\n\n\n\n<p>Nowa S\u00f3l (ul. 1 Maja od nru 5, ul. 3-go Maja, ul. Asnyka, ul. Broniewskiego, ul. Brzechwy, ul. Cha\u0142ubi\u0144skiego, ul. Che\u0142mo\u0144skiego, ul. Chopina, ul. D\u0142uga, ul. D\u0142ugosza, ul. Dygasi\u0144skiego, ul. Ga\u0142czy\u0144skiego, ul. Grottgera, ul. Jagienki, ul. Kaczkowskiego, ul. Kasprowicza, ul. Kili\u0144skiego, ul. Kmicica, ul. Kochanowskiego, ul. Konopnickiej, ul. Korczaka, ul. Kosmonaut\u00f3w, ul. Kossaka, ul. Krasi\u0144skiego, ul. Kr\u00f3tka, ul. Kruczkowskiego, ul. Lelewela, ul. Lotnik\u00f3w, ul. Makuszy\u0144skiego, ul. Matejki, ul. Mickiewicza, ul. Narutowicza, ul. Norwida, ul. Orzeszkowej, Os. Armii Krajowej, Os. XXX-lecia, Os.&nbsp;Konstytucji, ul. Pasieczna, ul. Reymonta, ul. Po\u0142anieckich, ul. Przysz\u0142o\u015bci, ul. Rydla, ul. Saper\u00f3w, ul. Siemiradzkiego, ul. Sienkiewicza, ul. Sk\u0142odowskiej, ul. Skrzetuskiego, ul. S\u0142owackiego, ul. Solskiego, ul. Staffa, ul. Stasia i Nel, ul. Staszica od nru 3, ul. Struga, ul. Szafera, ul. Szymanowskiego, ul. Tetmajera, ul. Tuwima, ul. Wierzy\u0144skiego, ul. Wojska Polskiego od nru 36, ul. Wo\u0142odyjowskiego, ul. Kard. St. Wyszy\u0144skiego, ul. Zag\u0142oby)<\/p>\n\n\n\n<h4 class=\"wp-block-heading\">Poprzedni proboszczowie<\/h4>\n\n\n\n<p>ks. J\u00f3zef Koco\u0142 \u2013 17.12.1984 r.<\/p>\n\n\n\n<h4 class=\"wp-block-heading\">Powo\u0142ania w parafii<\/h4>\n\n\n\n<p>ks. Tadeusz Fitych, ks. Tadeusz Sosnowski, ks. Grzegorz Cyran, ks. Tadeusz Stanis\u0142awski, ks. Adam Roguski, o. Marek Kowalczuk OFMCap, ks. Hubert Relich, o.Tomasz \u017bak OFMCap, o. Piotr Reizner OFMConv, ks. Dawid Klepusewicz, s. Beata Sekulska SJK, s. Iwona Szatkowska CSS, s. M. Nadia Jakubowczak Zgromadzenie Si\u00f3str \u015aw. J\u00f3zefa, s. Ma\u0142gorzata Czerniawska- Zgromadzenie Si\u00f3str S\u0142ug Jezusa (niehabitowe), s. Ma\u0142gorzata Kochajewska Zgromadzenie Si\u00f3str S\u0142ug Jezusa (niehabitowe)<\/p>\n\n\n\n<h4 class=\"wp-block-heading\">Wizytacje kanoniczne<\/h4>\n\n\n\n<p>1985 r. (bp Wilhelm Pluta), 1990 r. (bp Pawe\u0142 Socha), 1997 r. (bp Adam Dyczkowski), 2003 r. (bp Edward Dajczak), 2008 r. (bp Pawe\u0142 Socha), 2014 r. (bp Stefan Regmunt)<\/p>\n","protected":false},"excerpt":{"rendered":"<p>Informacje o Parafii Liczba wiernych: 13200Erygowana: 16 grudnia 1984 r.Odpust: 1 maja Historia Parafia powsta\u0142a z podzia\u0142u parafii pw. \u015bw. Micha\u0142a Arch. w Nowej Soli. Pocz\u0105tkowo wierni gromadzili si\u0119 na&hellip;<\/p>\n","protected":false},"author":1,"featured_media":0,"parent":0,"menu_order":0,"comment_status":"closed","ping_status":"closed","template":"page-sidebar.php","meta":{"_lmt_disableupdate":"","_lmt_disable":"","footnotes":""},"class_list":["post-3725","page","type-page","status-publish","hentry"],"_links":{"self":[{"href":"https:\/\/swiety-jozef.pl\/index.php\/wp-json\/wp\/v2\/pages\/3725","targetHints":{"allow":["GET"]}}],"collection":[{"href":"https:\/\/swiety-jozef.pl\/index.php\/wp-json\/wp\/v2\/pages"}],"about":[{"href":"https:\/\/swiety-jozef.pl\/index.php\/wp-json\/wp\/v2\/types\/page"}],"author":[{"embeddable":true,"href":"https:\/\/swiety-jozef.pl\/index.php\/wp-json\/wp\/v2\/users\/1"}],"replies":[{"embeddable":true,"href":"https:\/\/swiety-jozef.pl\/index.php\/wp-json\/wp\/v2\/comments?post=3725"}],"version-history":[{"count":6,"href":"https:\/\/swiety-jozef.pl\/index.php\/wp-json\/wp\/v2\/pages\/3725\/revisions"}],"predecessor-version":[{"id":7055,"href":"https:\/\/swiety-jozef.pl\/index.php\/wp-json\/wp\/v2\/pages\/3725\/revisions\/7055"}],"wp:attachment":[{"href":"https:\/\/swiety-jozef.pl\/index.php\/wp-json\/wp\/v2\/media?parent=3725"}],"curies":[{"name":"wp","href":"https:\/\/api.w.org\/{rel}","templated":true}]}}