{"id":3723,"date":"2022-03-09T00:10:41","date_gmt":"2022-03-08T23:10:41","guid":{"rendered":"https:\/\/swiety-jozef.pl\/?page_id=3723"},"modified":"2022-04-03T15:29:40","modified_gmt":"2022-04-03T13:29:40","slug":"patron-parafii","status":"publish","type":"page","link":"https:\/\/swiety-jozef.pl\/index.php\/patron-parafii\/","title":{"rendered":"Patron Parafii"},"content":{"rendered":"\n<h3 class=\"has-text-align-left wp-block-heading\">Patron Parafii<\/h3>\n\n\n\n<div style=\"height:20px\" aria-hidden=\"true\" class=\"wp-block-spacer\"><\/div>\n\n\n\n<div class=\"wp-block-media-text alignwide is-stacked-on-mobile\" style=\"grid-template-columns:28% auto\"><figure class=\"wp-block-media-text__media\"><img fetchpriority=\"high\" decoding=\"async\" width=\"200\" height=\"332\" src=\"https:\/\/swiety-jozef.pl\/wp-content\/uploads\/2022\/03\/sw_jozef.jpg\" alt=\"\" class=\"wp-image-3708 size-full\" srcset=\"https:\/\/swiety-jozef.pl\/wp-content\/uploads\/2022\/03\/sw_jozef.jpg 200w, https:\/\/swiety-jozef.pl\/wp-content\/uploads\/2022\/03\/sw_jozef-181x300.jpg 181w\" sizes=\"(max-width: 200px) 100vw, 200px\" \/><\/figure><div class=\"wp-block-media-text__content\">\n<p>J\u00d3ZEF to imi\u0119 hebrajskie. Etymologicznie znaczy: \u201eniech pomno\u017cy\u201d, domy\u015blnie \u2013 \u201eB\u00f3g dobra\u201d lub \u201eniech przyda Pan\u201d (drugiego syna). Bibliotheca Sanctorum wymienia ponad dwudziestu pi\u0119ciu \u015bwi\u0119tych tego imienia. W ca\u0142ym Ko\u015bciele jednak i w\u015br\u00f3d wiernych najwi\u0119kszej czci doznaje \u015bw. J\u00f3zef, Oblubieniec Naj\u015bwi\u0119tszej Marii Panny.<\/p>\n\n\n\n<p>\u015aw. J\u00f3zef, Oblubieniec Naj\u015bwi\u0119tszej Marii Panny pochodzi\u0142 z kr\u00f3lewskiego rodu Dawida. Zar\u0119czony z Maryj\u0105 stan\u0105\u0142 wkr\u00f3tce przed tajemnic\u0105 cudownego pocz\u0119cia Jezusa \u2013 Zbawiciela \u015bwiata. Pierwsz\u0105 jego reakcj\u0105 po zetkni\u0119ciu si\u0119 z t\u0105 tajemnic\u0105 by\u0142a ch\u0119\u0107 dyskretnego usuni\u0119cia si\u0119. Wprowadzony jednak przez anio\u0142a w t\u0119 tajemnic\u0119, wzi\u0105\u0142 brzemienn\u0105 Maryj\u0119 do siebie i podj\u0105\u0142 si\u0119 roli domniemanego ojca i \u017cywiciela \u015bw. Rodziny, uczestnika tajemnicy wcielenia. Ostatni raz na kartach Ewangelii spotykamy go, gdy wraz z Maryj\u0105 i dwunastoletnim Jezusem udaje si\u0119 z pielgrzymk\u0105 do Jerozolimy i wraca do domu. Wolno s\u0105dzi\u0107, i\u017c nied\u0142ugo potem, przypuszczalnie jeszcze przed rozpocz\u0119ciem publicznej dzia\u0142alno\u015bci przez Jezusa, zako\u0144czy\u0142 \u017cycie.<\/p>\n<\/div><\/div>\n\n\n\n<p>Kult \u015bw. J\u00f3zefa wcze\u015bnie rozpocz\u0105\u0142 si\u0119 na wschodzie. Na zachodzie w spos\u00f3b wyra\u017any zaznacza si\u0119 dopiero w IX wieku. W liturgii \u0142aci\u0144skiej czci si\u0119 go dopiero w wieku XV. Od roku 1621 dzie\u0144 19 marca jest \u015bwi\u0119tem, w kt\u00f3rym Ko\u015bci\u00f3\u0142 rzymsko-kat. w spos\u00f3b uroczysty czci \u015bw. J\u00f3zefa, Oblubie\u0144ca Naj\u015bwi\u0119tszej Maryi Panny. Papie\u017c Pius IX w 1870 r. og\u0142asza \u015bw. J\u00f3zefa patronem ca\u0142ego Ko\u015bcio\u0142a. Z kolei papie\u017c Pius XII w 1955 r. og\u0142asza dzie\u0144 1 maja jego \u015bwi\u0119tem i ustanawia go patronem robotnik\u00f3w.<\/p>\n\n\n\n<p>Jest on dla nas wszystkich wzorem doskona\u0142ego chrze\u015bcijanina i patronem dobrej \u015bmierci. Swoj\u0105 opiek\u0105 obejmuje rodzin\u0119 chrze\u015bcija\u0144sk\u0105, chrze\u015bcija\u0144sk\u0105 szko\u0142\u0119 i wszystkich potrzebuj\u0105cych.<\/p>\n","protected":false},"excerpt":{"rendered":"<p>Patron Parafii J\u00d3ZEF to imi\u0119 hebrajskie. Etymologicznie znaczy: \u201eniech pomno\u017cy\u201d, domy\u015blnie \u2013 \u201eB\u00f3g dobra\u201d lub \u201eniech przyda Pan\u201d (drugiego syna). Bibliotheca Sanctorum wymienia ponad dwudziestu pi\u0119ciu \u015bwi\u0119tych tego imienia. W&hellip;<\/p>\n","protected":false},"author":1,"featured_media":0,"parent":0,"menu_order":0,"comment_status":"closed","ping_status":"closed","template":"page-sidebar.php","meta":{"_lmt_disableupdate":"","_lmt_disable":"","footnotes":""},"class_list":["post-3723","page","type-page","status-publish","hentry"],"_links":{"self":[{"href":"https:\/\/swiety-jozef.pl\/index.php\/wp-json\/wp\/v2\/pages\/3723","targetHints":{"allow":["GET"]}}],"collection":[{"href":"https:\/\/swiety-jozef.pl\/index.php\/wp-json\/wp\/v2\/pages"}],"about":[{"href":"https:\/\/swiety-jozef.pl\/index.php\/wp-json\/wp\/v2\/types\/page"}],"author":[{"embeddable":true,"href":"https:\/\/swiety-jozef.pl\/index.php\/wp-json\/wp\/v2\/users\/1"}],"replies":[{"embeddable":true,"href":"https:\/\/swiety-jozef.pl\/index.php\/wp-json\/wp\/v2\/comments?post=3723"}],"version-history":[{"count":6,"href":"https:\/\/swiety-jozef.pl\/index.php\/wp-json\/wp\/v2\/pages\/3723\/revisions"}],"predecessor-version":[{"id":5085,"href":"https:\/\/swiety-jozef.pl\/index.php\/wp-json\/wp\/v2\/pages\/3723\/revisions\/5085"}],"wp:attachment":[{"href":"https:\/\/swiety-jozef.pl\/index.php\/wp-json\/wp\/v2\/media?parent=3723"}],"curies":[{"name":"wp","href":"https:\/\/api.w.org\/{rel}","templated":true}]}}