{"id":1229,"date":"2022-03-06T18:23:14","date_gmt":"2022-03-06T17:23:14","guid":{"rendered":"https:\/\/swiety-jozef.pl\/?page_id=1229"},"modified":"2026-03-07T23:58:00","modified_gmt":"2026-03-07T22:58:00","slug":"duszpasterze","status":"publish","type":"page","link":"https:\/\/swiety-jozef.pl\/index.php\/duszpasterze\/","title":{"rendered":"Duszpasterze"},"content":{"rendered":"\n<h3 class=\"wp-block-heading has-text-align-left\">Duszpasterze<\/h3>\n\n\n\n<div style=\"height:25px\" aria-hidden=\"true\" class=\"wp-block-spacer\"><\/div>\n\n\n\n<div class=\"wp-block-media-text alignwide is-stacked-on-mobile\" style=\"grid-template-columns:40% auto\"><figure class=\"wp-block-media-text__media\"><img fetchpriority=\"high\" decoding=\"async\" width=\"705\" height=\"638\" src=\"https:\/\/swiety-jozef.pl\/wp-content\/uploads\/2022\/03\/ks.kocz_.png\" alt=\"\" class=\"wp-image-1230 size-full\" srcset=\"https:\/\/swiety-jozef.pl\/wp-content\/uploads\/2022\/03\/ks.kocz_.png 705w, https:\/\/swiety-jozef.pl\/wp-content\/uploads\/2022\/03\/ks.kocz_-300x271.png 300w, https:\/\/swiety-jozef.pl\/wp-content\/uploads\/2022\/03\/ks.kocz_-585x529.png 585w\" sizes=\"(max-width: 705px) 100vw, 705px\" \/><\/figure><div class=\"wp-block-media-text__content\">\n<p class=\"has-text-align-left\"><strong>Ks. kan. Krzysztof Kocz &#8211; Proboszcz<\/strong><\/p>\n\n\n\n<p class=\"has-text-align-left\">Proboszcz Parafii od 14.04.2018 r.<\/p>\n\n\n\n<p class=\"has-text-align-left\">Rok \u015bwi\u0119ce\u0144: 1992 r.<\/p>\n\n\n\n<p class=\"has-text-align-left\">Imieniny: 25 lipca<\/p>\n\n\n\n<p class=\"has-text-align-left\">E-mail: kkocz[at]o2.pl<\/p>\n<\/div><\/div>\n\n\n\n<div style=\"height:25px\" aria-hidden=\"true\" class=\"wp-block-spacer\"><\/div>\n\n\n\n<div class=\"wp-block-media-text alignwide is-stacked-on-mobile\" style=\"grid-template-columns:40% auto\"><figure class=\"wp-block-media-text__media\"><img decoding=\"async\" width=\"600\" height=\"575\" src=\"https:\/\/swiety-jozef.pl\/wp-content\/uploads\/2022\/09\/kstomszcz.jpg\" alt=\"\" class=\"wp-image-6393 size-full\" srcset=\"https:\/\/swiety-jozef.pl\/wp-content\/uploads\/2022\/09\/kstomszcz.jpg 600w, https:\/\/swiety-jozef.pl\/wp-content\/uploads\/2022\/09\/kstomszcz-300x288.jpg 300w, https:\/\/swiety-jozef.pl\/wp-content\/uploads\/2022\/09\/kstomszcz-585x561.jpg 585w\" sizes=\"(max-width: 600px) 100vw, 600px\" \/><\/figure><div class=\"wp-block-media-text__content\">\n<p class=\"has-text-align-left\"><strong>Ks. Tomasz Szczepanik &#8211; Wikariusz<\/strong><\/p>\n\n\n\n<p class=\"has-text-align-left\">W parafii od 25.08.2022 r.<\/p>\n\n\n\n<p class=\"has-text-align-left\">Rok \u015bwi\u0119ce\u0144: 1997 r.<\/p>\n\n\n\n<p class=\"has-text-align-left\">Imieniny: 3 lipca<\/p>\n<\/div><\/div>\n\n\n\n<div style=\"height:25px\" aria-hidden=\"true\" class=\"wp-block-spacer\"><\/div>\n","protected":false},"excerpt":{"rendered":"<p>Duszpasterze Ks. kan. Krzysztof Kocz &#8211; Proboszcz Proboszcz Parafii od 14.04.2018 r. Rok \u015bwi\u0119ce\u0144: 1992 r. Imieniny: 25 lipca E-mail: kkocz[at]o2.pl Ks. Tomasz Szczepanik &#8211; Wikariusz W parafii od 25.08.2022&hellip;<\/p>\n","protected":false},"author":1,"featured_media":0,"parent":0,"menu_order":0,"comment_status":"closed","ping_status":"closed","template":"page-sidebar.php","meta":{"_lmt_disableupdate":"","_lmt_disable":"","footnotes":""},"class_list":["post-1229","page","type-page","status-publish","hentry"],"_links":{"self":[{"href":"https:\/\/swiety-jozef.pl\/index.php\/wp-json\/wp\/v2\/pages\/1229","targetHints":{"allow":["GET"]}}],"collection":[{"href":"https:\/\/swiety-jozef.pl\/index.php\/wp-json\/wp\/v2\/pages"}],"about":[{"href":"https:\/\/swiety-jozef.pl\/index.php\/wp-json\/wp\/v2\/types\/page"}],"author":[{"embeddable":true,"href":"https:\/\/swiety-jozef.pl\/index.php\/wp-json\/wp\/v2\/users\/1"}],"replies":[{"embeddable":true,"href":"https:\/\/swiety-jozef.pl\/index.php\/wp-json\/wp\/v2\/comments?post=1229"}],"version-history":[{"count":61,"href":"https:\/\/swiety-jozef.pl\/index.php\/wp-json\/wp\/v2\/pages\/1229\/revisions"}],"predecessor-version":[{"id":9111,"href":"https:\/\/swiety-jozef.pl\/index.php\/wp-json\/wp\/v2\/pages\/1229\/revisions\/9111"}],"wp:attachment":[{"href":"https:\/\/swiety-jozef.pl\/index.php\/wp-json\/wp\/v2\/media?parent=1229"}],"curies":[{"name":"wp","href":"https:\/\/api.w.org\/{rel}","templated":true}]}}