{"id":1080,"date":"2022-03-05T22:28:27","date_gmt":"2022-03-05T21:28:27","guid":{"rendered":"https:\/\/swiety-jozef.pl\/?page_id=1080"},"modified":"2023-01-11T18:14:29","modified_gmt":"2023-01-11T17:14:29","slug":"kontakt","status":"publish","type":"page","link":"https:\/\/swiety-jozef.pl\/index.php\/kontakt\/","title":{"rendered":"Kontakt"},"content":{"rendered":"\t\t<div data-elementor-type=\"wp-page\" data-elementor-id=\"1080\" class=\"elementor elementor-1080\">\n\t\t\t\t\t\t<section class=\"penci-section penci-disSticky penci-structure-10 elementor-section elementor-top-section elementor-element elementor-element-11cd5f71 elementor-section-boxed elementor-section-height-default elementor-section-height-default\" data-id=\"11cd5f71\" data-element_type=\"section\" data-e-type=\"section\">\n\t\t\t\t\t\t<div class=\"elementor-container elementor-column-gap-default\">\n\t\t\t\t\t<div class=\"penci-ercol-100 penci-ercol-order-1 penci-sticky-ct    elementor-column elementor-col-100 elementor-top-column elementor-element elementor-element-532b92d6\" data-id=\"532b92d6\" data-element_type=\"column\" data-e-type=\"column\">\n\t\t\t<div class=\"elementor-widget-wrap elementor-element-populated\">\n\t\t\t\t\t\t<div class=\"elementor-element elementor-element-717c6c0d elementor-widget elementor-widget-text-editor\" data-id=\"717c6c0d\" data-element_type=\"widget\" data-e-type=\"widget\" data-widget_type=\"text-editor.default\">\n\t\t\t\t<div class=\"elementor-widget-container\">\n\t\t\t\t\t\t\t\t\t<p><\/p>\n<figure class=\"wp-block-image size-full is-style-default\"><img fetchpriority=\"high\" decoding=\"async\" width=\"800\" height=\"532\" class=\"wp-image-4668 aligncenter\" src=\"https:\/\/swiety-jozef.pl\/wp-content\/uploads\/2022\/03\/kontaktsj-1.png\" alt=\"\" srcset=\"https:\/\/swiety-jozef.pl\/wp-content\/uploads\/2022\/03\/kontaktsj-1.png 800w, https:\/\/swiety-jozef.pl\/wp-content\/uploads\/2022\/03\/kontaktsj-1-300x200.png 300w, https:\/\/swiety-jozef.pl\/wp-content\/uploads\/2022\/03\/kontaktsj-1-768x511.png 768w, https:\/\/swiety-jozef.pl\/wp-content\/uploads\/2022\/03\/kontaktsj-1-585x389.png 585w, https:\/\/swiety-jozef.pl\/wp-content\/uploads\/2022\/03\/kontaktsj-1-263x175.png 263w\" sizes=\"(max-width: 800px) 100vw, 800px\" \/><\/figure>\n<p><\/p>\n<p><\/p>\n<div class=\"wp-block-spacer\" style=\"height: 20px;\" aria-hidden=\"true\">\u00a0<\/div>\n<p><\/p>\n<p><\/p>\n<h4 class=\"wp-block-heading\">Kontakt<\/h4>\n<p><\/p>\n<p><\/p>\n<div class=\"wp-block-spacer\" style=\"height: 30px;\" aria-hidden=\"true\">\u00a0<\/div>\n<p><\/p>\n<p><\/p>\n<h4 class=\"wp-block-heading\"><strong>Dane teleadresowe<\/strong><\/h4>\n<p><\/p>\n<p><\/p>\n<p>Parafia pw. \u015bw. J\u00f3zefa Rzemie\u015blnika<br \/>Kard. St. Wyszy\u0144skiego 1<br \/><b>67-100 Nowa S\u00f3l<\/b><\/p>\n<p><\/p>\n<p><\/p>\n<p>tel.: 68 387 70 35<br \/>tel. kom.: 609 131 799\u00a0\u00a0<strong>telefon czynny w dni powszednie<\/strong>\u00a0od godz. 8:00 do godz. 17:00<\/p>\n<p><\/p>\n<p><\/p>\n<p><strong>E-mail<\/strong> do Ks. Proboszcza: kkocz[at]o2.pl<\/p>\n<p><\/p>\n<p><\/p>\n<p><strong>Informacje dotycz\u0105ce sakrament\u00f3w<\/strong>\u00a0chrztu, ma\u0142\u017ce\u0144stwa, namaszczenia chorych i <strong>pogrzebu katolickiego<\/strong> dost\u0119pne s\u0105 w zak\u0142adce <strong>Informacje<\/strong> -&gt; <strong>Kancelaria Parafialna<\/strong><\/p>\n<p><\/p>\n<p><\/p>\n<div class=\"wp-block-spacer\" style=\"height: 26px;\" aria-hidden=\"true\">\u00a0<\/div>\n<p><\/p>\n<p><\/p>\n<p><strong>Rachunek bankowy<\/strong> parafii: <strong>58 9673 0007 0000 0300 4864 0001<\/strong> &#8211;\u00a0Bank Sp\u00f3\u0142dzielczy w Ko\u017cuchowie<\/p>\n<p><\/p>\n<p><\/p>\n<div class=\"wp-block-spacer\" style=\"height: 20px;\" aria-hidden=\"true\">\u00a0<\/div>\n<p><\/p>\t\t\t\t\t\t\t\t<\/div>\n\t\t\t\t<\/div>\n\t\t\t\t\t<\/div>\n\t\t<\/div>\n\t\t\t\t\t<\/div>\n\t\t<\/section>\n\t\t\t\t<section class=\"penci-section penci-disSticky penci-structure-10 elementor-section elementor-top-section elementor-element elementor-element-97c5a40 elementor-section-height-min-height elementor-section-boxed elementor-section-height-default elementor-section-items-middle\" data-id=\"97c5a40\" data-element_type=\"section\" data-e-type=\"section\">\n\t\t\t\t\t\t<div class=\"elementor-container elementor-column-gap-default\">\n\t\t\t\t\t<div class=\"penci-ercol-100 penci-ercol-order-1 penci-sticky-ct    elementor-column elementor-col-100 elementor-top-column elementor-element elementor-element-3ced036\" data-id=\"3ced036\" data-element_type=\"column\" data-e-type=\"column\">\n\t\t\t<div class=\"elementor-widget-wrap elementor-element-populated\">\n\t\t\t\t\t\t<div class=\"elementor-element elementor-element-eabbf2d elementor-widget elementor-widget-google_maps\" data-id=\"eabbf2d\" data-element_type=\"widget\" data-e-type=\"widget\" data-settings=\"{&quot;_animation&quot;:&quot;none&quot;}\" data-widget_type=\"google_maps.default\">\n\t\t\t\t<div class=\"elementor-widget-container\">\n\t\t\t\t\t\t\t<div class=\"elementor-custom-embed\">\n\t\t\t<iframe loading=\"lazy\"\n\t\t\t\t\tsrc=\"https:\/\/maps.google.com\/maps?q=51.80260053269419%2C%2015.698506600000004&#038;t=m&#038;z=16&#038;output=embed&#038;iwloc=near\"\n\t\t\t\t\ttitle=\"51.80260053269419, 15.698506600000004\"\n\t\t\t\t\taria-label=\"51.80260053269419, 15.698506600000004\"\n\t\t\t><\/iframe>\n\t\t<\/div>\n\t\t\t\t\t\t<\/div>\n\t\t\t\t<\/div>\n\t\t\t\t\t<\/div>\n\t\t<\/div>\n\t\t\t\t\t<\/div>\n\t\t<\/section>\n\t\t\t\t<\/div>\n\t\t","protected":false},"excerpt":{"rendered":"<p>Kontakt Dane teleadresowe Parafia pw. \u015bw. J\u00f3zefa Rzemie\u015blnikaKard. St. Wyszy\u0144skiego 167-100 Nowa S\u00f3l tel.: 68 387 70 35tel. kom.: 609 131 799\u00a0\u00a0telefon czynny w dni powszednie\u00a0od godz. 8:00 do godz.&hellip;<\/p>\n","protected":false},"author":1,"featured_media":0,"parent":0,"menu_order":0,"comment_status":"closed","ping_status":"closed","template":"page-sidebar.php","meta":{"_lmt_disableupdate":"","_lmt_disable":"","footnotes":""},"class_list":["post-1080","page","type-page","status-publish","hentry"],"_links":{"self":[{"href":"https:\/\/swiety-jozef.pl\/index.php\/wp-json\/wp\/v2\/pages\/1080","targetHints":{"allow":["GET"]}}],"collection":[{"href":"https:\/\/swiety-jozef.pl\/index.php\/wp-json\/wp\/v2\/pages"}],"about":[{"href":"https:\/\/swiety-jozef.pl\/index.php\/wp-json\/wp\/v2\/types\/page"}],"author":[{"embeddable":true,"href":"https:\/\/swiety-jozef.pl\/index.php\/wp-json\/wp\/v2\/users\/1"}],"replies":[{"embeddable":true,"href":"https:\/\/swiety-jozef.pl\/index.php\/wp-json\/wp\/v2\/comments?post=1080"}],"version-history":[{"count":105,"href":"https:\/\/swiety-jozef.pl\/index.php\/wp-json\/wp\/v2\/pages\/1080\/revisions"}],"predecessor-version":[{"id":7000,"href":"https:\/\/swiety-jozef.pl\/index.php\/wp-json\/wp\/v2\/pages\/1080\/revisions\/7000"}],"wp:attachment":[{"href":"https:\/\/swiety-jozef.pl\/index.php\/wp-json\/wp\/v2\/media?parent=1080"}],"curies":[{"name":"wp","href":"https:\/\/api.w.org\/{rel}","templated":true}]}}